{"id":2205,"date":"2024-12-03T17:08:48","date_gmt":"2024-12-03T17:08:48","guid":{"rendered":"https:\/\/pdlsite.dev\/actualites\/"},"modified":"2025-01-02T16:36:20","modified_gmt":"2025-01-02T16:36:20","slug":"actualites","status":"publish","type":"page","link":"https:\/\/pdl.fr\/fr\/actualites\/","title":{"rendered":"Actualit\u00e9s"},"content":{"rendered":"\n<div id=\"wp-block-themeisle-blocks-advanced-columns-9b80d6ba\" class=\"wp-block-themeisle-blocks-advanced-columns alignfull has-1-columns has-desktop-equal-layout has-tablet-equal-layout has-mobile-equal-layout has-vertical-center\"><div class=\"wp-block-themeisle-blocks-advanced-columns-overlay\"><\/div><div class=\"innerblocks-wrap\">\n<div id=\"wp-block-themeisle-blocks-advanced-column-7de86589\" class=\"wp-block-themeisle-blocks-advanced-column\">\n<div id=\"wp-block-themeisle-blocks-advanced-columns-1041267a\" class=\"wp-block-themeisle-blocks-advanced-columns alignfull has-1-columns has-desktop-equal-layout has-tablet-equal-layout has-mobile-equal-layout has-vertical-unset\"><div class=\"wp-block-themeisle-blocks-advanced-columns-overlay\"><\/div><div class=\"innerblocks-wrap\">\n<div id=\"wp-block-themeisle-blocks-advanced-column-be3b2ed5\" class=\"wp-block-themeisle-blocks-advanced-column\">\n<h1 id=\"wp-block-themeisle-blocks-advanced-heading-27bda390\" class=\"wp-block-themeisle-blocks-advanced-heading wp-block-themeisle-blocks-advanced-heading-27bda390\">Actualit\u00e9s<\/h1>\n\n\n\n<h2 id=\"wp-block-themeisle-blocks-advanced-heading-7ba1a2e8\" class=\"wp-block-themeisle-blocks-advanced-heading wp-block-themeisle-blocks-advanced-heading-7ba1a2e8\">Perspectives et innovations<\/h2>\n<\/div>\n<\/div><\/div>\n\n\n\n<div id=\"wp-block-themeisle-blocks-advanced-columns-2b2436b8\" class=\"wp-block-themeisle-blocks-advanced-columns alignfull has-1-columns has-desktop-equal-layout has-tablet-equal-layout has-mobile-equal-layout has-vertical-unset post-grid\"><div class=\"wp-block-themeisle-blocks-advanced-columns-overlay\"><\/div><div class=\"innerblocks-wrap\">\n<div id=\"wp-block-themeisle-blocks-advanced-column-05d67383\" class=\"wp-block-themeisle-blocks-advanced-column\"><div class=\"is-style-boxed has-light-bg wp-block-themeisle-blocks-posts-grid\" id=\"wp-block-themeisle-blocks-posts-grid-8bbc140e\"><div class=\"is-grid o-posts-grid-columns-4\"><div class=\"o-posts-grid-post-blog o-posts-grid-post-plain\"><div class=\"o-posts-grid-post\"><div class=\"o-posts-grid-post-image\"><a href=\"https:\/\/pdl.fr\/fr\/iso-50001-pdl\/\"><img loading=\"lazy\" decoding=\"async\" width=\"141\" height=\"130\" src=\"https:\/\/pdl.fr\/wp-content\/uploads\/2025\/11\/logo-afaq-iso-50001-png-1.png\" class=\"attachment-full size-full\" alt=\"certification ISO 50001:2018\" \/><\/a><\/div><div class=\"o-posts-grid-post-body\"><p class=\"o-posts-grid-post-meta\">Publi\u00e9 le <time datetime=\"2025-11-28T15:10:40+00:00\">28 novembre 2025<\/time> par <a href=\"https:\/\/pdl.fr\/fr\/author\/alizee\/\">Alize\u00e9 Degorce<\/a><\/p><h4 class=\"o-posts-grid-post-title\"><a href=\"https:\/\/pdl.fr\/fr\/iso-50001-pdl\/\">Papeteries du L\u00e9man (PDL) obtient la certification ISO 50001, consolidant son leadership mondial dans les papiers l\u00e9gers durables et comp\u00e9titifs<\/a><\/h4><div class=\"o-posts-grid-post-description\"><a class=\"o-posts-read-more\" href=\"https:\/\/pdl.fr\/fr\/iso-50001-pdl\/\">Lire la suite<\/a><\/div><\/div><\/div><\/div><div class=\"o-posts-grid-post-blog o-posts-grid-post-plain\"><div class=\"o-posts-grid-post\"><div class=\"o-posts-grid-post-image\"><a href=\"https:\/\/pdl.fr\/fr\/papeteries-du-leman-pdl-leve-le-voile-sur-un-nouveau-site-web\/\"><img loading=\"lazy\" decoding=\"async\" width=\"2560\" height=\"1603\" src=\"https:\/\/pdl.fr\/wp-content\/uploads\/2025\/01\/100Years-Innovation-scaled.webp\" class=\"attachment-full size-full\" alt=\"PDL&#039;s logo conmemorating its 100 years.\" srcset=\"https:\/\/pdl.fr\/wp-content\/uploads\/2025\/01\/100Years-Innovation-scaled.webp 2560w, https:\/\/pdl.fr\/wp-content\/uploads\/2025\/01\/100Years-Innovation-300x188.webp 300w, https:\/\/pdl.fr\/wp-content\/uploads\/2025\/01\/100Years-Innovation-1024x641.webp 1024w, https:\/\/pdl.fr\/wp-content\/uploads\/2025\/01\/100Years-Innovation-768x481.webp 768w, https:\/\/pdl.fr\/wp-content\/uploads\/2025\/01\/100Years-Innovation-1536x962.webp 1536w, https:\/\/pdl.fr\/wp-content\/uploads\/2025\/01\/100Years-Innovation-2048x1283.webp 2048w\" sizes=\"(max-width: 2560px) 100vw, 2560px\" \/><\/a><\/div><div class=\"o-posts-grid-post-body\"><p class=\"o-posts-grid-post-meta\">Publi\u00e9 le <time datetime=\"2025-02-04T14:06:54+00:00\">4 f\u00e9vrier 2025<\/time> par <a href=\"https:\/\/pdl.fr\/fr\/author\/pdl\/\">pdl<\/a><\/p><h4 class=\"o-posts-grid-post-title\"><a href=\"https:\/\/pdl.fr\/fr\/papeteries-du-leman-pdl-leve-le-voile-sur-un-nouveau-site-web\/\">Papeteries du L\u00e9man (PDL) L\u00e8ve le Voile sur un Nouveau Site Web pour Soutenir sa Croissance et sa Diversification dans les \u00c9co-Papiers L\u00e9gers<\/a><\/h4><div class=\"o-posts-grid-post-description\"><a class=\"o-posts-read-more\" href=\"https:\/\/pdl.fr\/fr\/papeteries-du-leman-pdl-leve-le-voile-sur-un-nouveau-site-web\/\">Lire la suite<\/a><\/div><\/div><\/div><\/div><div class=\"o-posts-grid-post-blog o-posts-grid-post-plain\"><div class=\"o-posts-grid-post\"><div class=\"o-posts-grid-post-image\"><a href=\"https:\/\/pdl.fr\/fr\/pdl-celebre-lart-culinaire-en-tant-que-fier-partenaire-des-toques-en-chablais-2024\/\"><img loading=\"lazy\" decoding=\"async\" width=\"1440\" height=\"960\" src=\"https:\/\/pdl.fr\/wp-content\/uploads\/2024\/11\/462775325_479387871755826_8112839446076004089_n.webp\" class=\"attachment-full size-full\" alt=\"Chefs cooking at Toques en Chablais 2024\" srcset=\"https:\/\/pdl.fr\/wp-content\/uploads\/2024\/11\/462775325_479387871755826_8112839446076004089_n.webp 1440w, https:\/\/pdl.fr\/wp-content\/uploads\/2024\/11\/462775325_479387871755826_8112839446076004089_n-300x200.webp 300w, https:\/\/pdl.fr\/wp-content\/uploads\/2024\/11\/462775325_479387871755826_8112839446076004089_n-1024x683.webp 1024w, https:\/\/pdl.fr\/wp-content\/uploads\/2024\/11\/462775325_479387871755826_8112839446076004089_n-768x512.webp 768w, https:\/\/pdl.fr\/wp-content\/uploads\/2024\/11\/462775325_479387871755826_8112839446076004089_n-930x620.webp 930w\" sizes=\"(max-width: 1440px) 100vw, 1440px\" \/><\/a><\/div><div class=\"o-posts-grid-post-body\"><p class=\"o-posts-grid-post-meta\">Publi\u00e9 le <time datetime=\"2024-11-06T18:53:00+00:00\">6 novembre 2024<\/time> par <a href=\"https:\/\/pdl.fr\/fr\/author\/pdl\/\">pdl<\/a><\/p><h4 class=\"o-posts-grid-post-title\"><a href=\"https:\/\/pdl.fr\/fr\/pdl-celebre-lart-culinaire-en-tant-que-fier-partenaire-des-toques-en-chablais-2024\/\">PDL c\u00e9l\u00e8bre l\u2019art culinaire en tant que fier partenaire des Toques en Chablais 2024<\/a><\/h4><div class=\"o-posts-grid-post-description\"><a class=\"o-posts-read-more\" href=\"https:\/\/pdl.fr\/fr\/pdl-celebre-lart-culinaire-en-tant-que-fier-partenaire-des-toques-en-chablais-2024\/\">Lire la suite<\/a><\/div><\/div><\/div><\/div><div class=\"o-posts-grid-post-blog o-posts-grid-post-plain\"><div class=\"o-posts-grid-post\"><div class=\"o-posts-grid-post-image\"><a href=\"https:\/\/pdl.fr\/fr\/pdl-investit-dans-une-nouvelle-rembobineuse-pour-ameliorer-lefficacite-et-repondre-a-la-demande-croissante-du-marche\/\"><img loading=\"lazy\" decoding=\"async\" width=\"2500\" height=\"1748\" src=\"https:\/\/pdl.fr\/wp-content\/uploads\/2024\/10\/IMG_3292_edited-1.webp\" class=\"attachment-full size-full\" alt=\"A picture of PDL&#039;s new rewinder\" srcset=\"https:\/\/pdl.fr\/wp-content\/uploads\/2024\/10\/IMG_3292_edited-1.webp 2500w, https:\/\/pdl.fr\/wp-content\/uploads\/2024\/10\/IMG_3292_edited-1-300x210.webp 300w, https:\/\/pdl.fr\/wp-content\/uploads\/2024\/10\/IMG_3292_edited-1-1024x716.webp 1024w, https:\/\/pdl.fr\/wp-content\/uploads\/2024\/10\/IMG_3292_edited-1-768x537.webp 768w, https:\/\/pdl.fr\/wp-content\/uploads\/2024\/10\/IMG_3292_edited-1-1536x1074.webp 1536w, https:\/\/pdl.fr\/wp-content\/uploads\/2024\/10\/IMG_3292_edited-1-2048x1432.webp 2048w\" sizes=\"(max-width: 2500px) 100vw, 2500px\" \/><\/a><\/div><div class=\"o-posts-grid-post-body\"><p class=\"o-posts-grid-post-meta\">Publi\u00e9 le <time datetime=\"2024-10-28T18:55:00+00:00\">28 octobre 2024<\/time> par <a href=\"https:\/\/pdl.fr\/fr\/author\/pdl\/\">pdl<\/a><\/p><h4 class=\"o-posts-grid-post-title\"><a href=\"https:\/\/pdl.fr\/fr\/pdl-investit-dans-une-nouvelle-rembobineuse-pour-ameliorer-lefficacite-et-repondre-a-la-demande-croissante-du-marche\/\">PDL investit dans une nouvelle rembobineuse pour am\u00e9liorer l\u2019efficacit\u00e9 et r\u00e9pondre \u00e0 la demande croissante du march\u00e9<\/a><\/h4><div class=\"o-posts-grid-post-description\"><a class=\"o-posts-read-more\" href=\"https:\/\/pdl.fr\/fr\/pdl-investit-dans-une-nouvelle-rembobineuse-pour-ameliorer-lefficacite-et-repondre-a-la-demande-croissante-du-marche\/\">Lire la suite<\/a><\/div><\/div><\/div><\/div><div class=\"o-posts-grid-post-blog o-posts-grid-post-plain\"><div class=\"o-posts-grid-post\"><div class=\"o-posts-grid-post-image\"><a href=\"https:\/\/pdl.fr\/fr\/primabake-obtient-la-certification-de-la-compost-manufacturing-alliance-cma-pour-la-compostabilite-commerciale\/\"><img loading=\"lazy\" decoding=\"async\" width=\"1989\" height=\"1069\" src=\"https:\/\/pdl.fr\/wp-content\/uploads\/2024\/08\/CMA-I_Black_RGB_72-DPI_Low-Res-1.webp\" class=\"attachment-full size-full\" alt=\"CMA I approved logo\" srcset=\"https:\/\/pdl.fr\/wp-content\/uploads\/2024\/08\/CMA-I_Black_RGB_72-DPI_Low-Res-1.webp 1989w, https:\/\/pdl.fr\/wp-content\/uploads\/2024\/08\/CMA-I_Black_RGB_72-DPI_Low-Res-1-300x161.webp 300w, https:\/\/pdl.fr\/wp-content\/uploads\/2024\/08\/CMA-I_Black_RGB_72-DPI_Low-Res-1-1024x550.webp 1024w, https:\/\/pdl.fr\/wp-content\/uploads\/2024\/08\/CMA-I_Black_RGB_72-DPI_Low-Res-1-768x413.webp 768w, https:\/\/pdl.fr\/wp-content\/uploads\/2024\/08\/CMA-I_Black_RGB_72-DPI_Low-Res-1-1536x826.webp 1536w\" sizes=\"(max-width: 1989px) 100vw, 1989px\" \/><\/a><\/div><div class=\"o-posts-grid-post-body\"><p class=\"o-posts-grid-post-meta\">Publi\u00e9 le <time datetime=\"2024-09-18T18:56:00+00:00\">18 septembre 2024<\/time> par <a href=\"https:\/\/pdl.fr\/fr\/author\/pdl\/\">pdl<\/a><\/p><h4 class=\"o-posts-grid-post-title\"><a href=\"https:\/\/pdl.fr\/fr\/primabake-obtient-la-certification-de-la-compost-manufacturing-alliance-cma-pour-la-compostabilite-commerciale\/\">Primabake obtient la certification de la Compost Manufacturing Alliance (CMA) pour la compostabilit\u00e9 commerciale<\/a><\/h4><div class=\"o-posts-grid-post-description\"><a class=\"o-posts-read-more\" href=\"https:\/\/pdl.fr\/fr\/primabake-obtient-la-certification-de-la-compost-manufacturing-alliance-cma-pour-la-compostabilite-commerciale\/\">Lire la suite<\/a><\/div><\/div><\/div><\/div><div class=\"o-posts-grid-post-blog o-posts-grid-post-plain\"><div class=\"o-posts-grid-post\"><div class=\"o-posts-grid-post-image\"><a href=\"https:\/\/pdl.fr\/fr\/le-groupe-papeteries-des-vosges-et-du-leman-pvl-annonce-une-augmentation-de-capacite-pour-primabake-afin-de-repondre-a-la-demande-croissante\/\"><img loading=\"lazy\" decoding=\"async\" width=\"768\" height=\"360\" src=\"https:\/\/pdl.fr\/wp-content\/uploads\/2024\/08\/logo-primabake-HD-quadri-768x360-1.webp\" class=\"attachment-full size-full\" alt=\"Primabake&#039;s Logo\" srcset=\"https:\/\/pdl.fr\/wp-content\/uploads\/2024\/08\/logo-primabake-HD-quadri-768x360-1.webp 768w, https:\/\/pdl.fr\/wp-content\/uploads\/2024\/08\/logo-primabake-HD-quadri-768x360-1-300x141.webp 300w\" sizes=\"(max-width: 768px) 100vw, 768px\" \/><\/a><\/div><div class=\"o-posts-grid-post-body\"><p class=\"o-posts-grid-post-meta\">Publi\u00e9 le <time datetime=\"2024-08-29T18:59:00+00:00\">29 ao\u00fbt 2024<\/time> par <a href=\"https:\/\/pdl.fr\/fr\/author\/pdl\/\">pdl<\/a><\/p><h4 class=\"o-posts-grid-post-title\"><a href=\"https:\/\/pdl.fr\/fr\/le-groupe-papeteries-des-vosges-et-du-leman-pvl-annonce-une-augmentation-de-capacite-pour-primabake-afin-de-repondre-a-la-demande-croissante\/\">Le groupe Papeteries des Vosges et du L\u00e9man (PVL) annonce une augmentation de capacit\u00e9 pour Primabake afin de r\u00e9pondre \u00e0 la demande croissante<\/a><\/h4><div class=\"o-posts-grid-post-description\"><a class=\"o-posts-read-more\" href=\"https:\/\/pdl.fr\/fr\/le-groupe-papeteries-des-vosges-et-du-leman-pvl-annonce-une-augmentation-de-capacite-pour-primabake-afin-de-repondre-a-la-demande-croissante\/\">Lire la suite<\/a><\/div><\/div><\/div><\/div><div class=\"o-posts-grid-post-blog o-posts-grid-post-plain\"><div class=\"o-posts-grid-post\"><div class=\"o-posts-grid-post-image\"><a href=\"https:\/\/pdl.fr\/fr\/pdl-celebration-de-sa-prestigieuse-certification-brcgs\/\"><img loading=\"lazy\" decoding=\"async\" width=\"2560\" height=\"1707\" src=\"https:\/\/pdl.fr\/wp-content\/uploads\/2025\/01\/BRCGS-scaled.webp\" class=\"attachment-full size-full\" alt=\"A person piling\" srcset=\"https:\/\/pdl.fr\/wp-content\/uploads\/2025\/01\/BRCGS-scaled.webp 2560w, https:\/\/pdl.fr\/wp-content\/uploads\/2025\/01\/BRCGS-300x200.webp 300w, https:\/\/pdl.fr\/wp-content\/uploads\/2025\/01\/BRCGS-1024x683.webp 1024w, https:\/\/pdl.fr\/wp-content\/uploads\/2025\/01\/BRCGS-768x512.webp 768w, https:\/\/pdl.fr\/wp-content\/uploads\/2025\/01\/BRCGS-1536x1024.webp 1536w, https:\/\/pdl.fr\/wp-content\/uploads\/2025\/01\/BRCGS-2048x1365.webp 2048w, https:\/\/pdl.fr\/wp-content\/uploads\/2025\/01\/BRCGS-930x620.webp 930w\" sizes=\"(max-width: 2560px) 100vw, 2560px\" \/><\/a><\/div><div class=\"o-posts-grid-post-body\"><p class=\"o-posts-grid-post-meta\">Publi\u00e9 le <time datetime=\"2024-05-28T18:28:00+00:00\">28 mai 2024<\/time> par <a href=\"https:\/\/pdl.fr\/fr\/author\/pdl\/\">pdl<\/a><\/p><h4 class=\"o-posts-grid-post-title\"><a href=\"https:\/\/pdl.fr\/fr\/pdl-celebration-de-sa-prestigieuse-certification-brcgs\/\">PDL C\u00e9l\u00e9bration de sa prestigieuse certification BRCGS<\/a><\/h4><div class=\"o-posts-grid-post-description\"><a class=\"o-posts-read-more\" href=\"https:\/\/pdl.fr\/fr\/pdl-celebration-de-sa-prestigieuse-certification-brcgs\/\">Lire la suite<\/a><\/div><\/div><\/div><\/div><div class=\"o-posts-grid-post-blog o-posts-grid-post-plain\"><div class=\"o-posts-grid-post\"><div class=\"o-posts-grid-post-image\"><a href=\"https:\/\/pdl.fr\/fr\/primabake-presente-son-nouveau-papier-de-cuisson-allege-une-innovation-exclusive\/\"><img loading=\"lazy\" decoding=\"async\" width=\"2560\" height=\"1703\" src=\"https:\/\/pdl.fr\/wp-content\/uploads\/2025\/01\/LighterSubstance-scaled.webp\" class=\"attachment-full size-full\" alt=\"A person using baking paper for baking.\" srcset=\"https:\/\/pdl.fr\/wp-content\/uploads\/2025\/01\/LighterSubstance-scaled.webp 2560w, https:\/\/pdl.fr\/wp-content\/uploads\/2025\/01\/LighterSubstance-300x200.webp 300w, https:\/\/pdl.fr\/wp-content\/uploads\/2025\/01\/LighterSubstance-1024x681.webp 1024w, https:\/\/pdl.fr\/wp-content\/uploads\/2025\/01\/LighterSubstance-768x511.webp 768w, https:\/\/pdl.fr\/wp-content\/uploads\/2025\/01\/LighterSubstance-1536x1022.webp 1536w, https:\/\/pdl.fr\/wp-content\/uploads\/2025\/01\/LighterSubstance-2048x1363.webp 2048w, https:\/\/pdl.fr\/wp-content\/uploads\/2025\/01\/LighterSubstance-930x620.webp 930w\" sizes=\"(max-width: 2560px) 100vw, 2560px\" \/><\/a><\/div><div class=\"o-posts-grid-post-body\"><p class=\"o-posts-grid-post-meta\">Publi\u00e9 le <time datetime=\"2023-09-18T18:29:00+00:00\">18 septembre 2023<\/time> par <a href=\"https:\/\/pdl.fr\/fr\/author\/pdl\/\">pdl<\/a><\/p><h4 class=\"o-posts-grid-post-title\"><a href=\"https:\/\/pdl.fr\/fr\/primabake-presente-son-nouveau-papier-de-cuisson-allege-une-innovation-exclusive\/\">Primabake Pr\u00e9sente son Nouveau Papier de Cuisson All\u00e9g\u00e9 &#8211; Une Innovation Exclusive<\/a><\/h4><div class=\"o-posts-grid-post-description\"><a class=\"o-posts-read-more\" href=\"https:\/\/pdl.fr\/fr\/primabake-presente-son-nouveau-papier-de-cuisson-allege-une-innovation-exclusive\/\">Lire la suite<\/a><\/div><\/div><\/div><\/div><div class=\"o-posts-grid-post-blog o-posts-grid-post-plain\"><div class=\"o-posts-grid-post\"><div class=\"o-posts-grid-post-image\"><a href=\"https:\/\/pdl.fr\/fr\/celebration-de-100-ans-dinnovation-un-voyage-a-travers-lheritage-de-pdl\/\"><img loading=\"lazy\" decoding=\"async\" width=\"2560\" height=\"1603\" src=\"https:\/\/pdl.fr\/wp-content\/uploads\/2025\/01\/100Years-Innovation-scaled.webp\" class=\"attachment-full size-full\" alt=\"PDL&#039;s logo conmemorating its 100 years.\" srcset=\"https:\/\/pdl.fr\/wp-content\/uploads\/2025\/01\/100Years-Innovation-scaled.webp 2560w, https:\/\/pdl.fr\/wp-content\/uploads\/2025\/01\/100Years-Innovation-300x188.webp 300w, https:\/\/pdl.fr\/wp-content\/uploads\/2025\/01\/100Years-Innovation-1024x641.webp 1024w, https:\/\/pdl.fr\/wp-content\/uploads\/2025\/01\/100Years-Innovation-768x481.webp 768w, https:\/\/pdl.fr\/wp-content\/uploads\/2025\/01\/100Years-Innovation-1536x962.webp 1536w, https:\/\/pdl.fr\/wp-content\/uploads\/2025\/01\/100Years-Innovation-2048x1283.webp 2048w\" sizes=\"(max-width: 2560px) 100vw, 2560px\" \/><\/a><\/div><div class=\"o-posts-grid-post-body\"><p class=\"o-posts-grid-post-meta\">Publi\u00e9 le <time datetime=\"2023-07-12T18:35:00+00:00\">12 juillet 2023<\/time> par <a href=\"https:\/\/pdl.fr\/fr\/author\/pdl\/\">pdl<\/a><\/p><h4 class=\"o-posts-grid-post-title\"><a href=\"https:\/\/pdl.fr\/fr\/celebration-de-100-ans-dinnovation-un-voyage-a-travers-lheritage-de-pdl\/\">C\u00e9l\u00e9bration de 100 Ans d&rsquo;Innovation : Un Voyage \u00e0 Travers l\u2019H\u00e9ritage de PDL<\/a><\/h4><div class=\"o-posts-grid-post-description\"><a class=\"o-posts-read-more\" href=\"https:\/\/pdl.fr\/fr\/celebration-de-100-ans-dinnovation-un-voyage-a-travers-lheritage-de-pdl\/\">Lire la suite<\/a><\/div><\/div><\/div><\/div><\/div> <div class=\"o-posts-grid-pag\"><\/div><\/div><\/div>\n<\/div><\/div>\n<\/div>\n<\/div><\/div>\n","protected":false},"excerpt":{"rendered":"","protected":false},"author":1,"featured_media":0,"parent":0,"menu_order":0,"comment_status":"closed","ping_status":"closed","template":"","meta":{"neve_meta_sidebar":"","neve_meta_container":"","neve_meta_enable_content_width":"","neve_meta_content_width":0,"neve_meta_title_alignment":"","neve_meta_author_avatar":"","neve_post_elements_order":"","neve_meta_disable_header":"","neve_meta_disable_footer":"","neve_meta_disable_title":"on","neve_meta_reading_time":"","_themeisle_gutenberg_block_has_review":false,"footnotes":""},"categories":[],"tags":[],"class_list":["post-2205","page","type-page","status-publish","hentry"],"_links":{"self":[{"href":"https:\/\/pdl.fr\/fr\/wp-json\/wp\/v2\/pages\/2205","targetHints":{"allow":["GET"]}}],"collection":[{"href":"https:\/\/pdl.fr\/fr\/wp-json\/wp\/v2\/pages"}],"about":[{"href":"https:\/\/pdl.fr\/fr\/wp-json\/wp\/v2\/types\/page"}],"author":[{"embeddable":true,"href":"https:\/\/pdl.fr\/fr\/wp-json\/wp\/v2\/users\/1"}],"replies":[{"embeddable":true,"href":"https:\/\/pdl.fr\/fr\/wp-json\/wp\/v2\/comments?post=2205"}],"version-history":[{"count":1,"href":"https:\/\/pdl.fr\/fr\/wp-json\/wp\/v2\/pages\/2205\/revisions"}],"predecessor-version":[{"id":2206,"href":"https:\/\/pdl.fr\/fr\/wp-json\/wp\/v2\/pages\/2205\/revisions\/2206"}],"wp:attachment":[{"href":"https:\/\/pdl.fr\/fr\/wp-json\/wp\/v2\/media?parent=2205"}],"wp:term":[{"taxonomy":"category","embeddable":true,"href":"https:\/\/pdl.fr\/fr\/wp-json\/wp\/v2\/categories?post=2205"},{"taxonomy":"post_tag","embeddable":true,"href":"https:\/\/pdl.fr\/fr\/wp-json\/wp\/v2\/tags?post=2205"}],"curies":[{"name":"wp","href":"https:\/\/api.w.org\/{rel}","templated":true}]}}