{"id":2201,"date":"2024-11-29T19:02:34","date_gmt":"2024-11-29T19:02:34","guid":{"rendered":"https:\/\/pdlsite.dev\/nos-equipes\/"},"modified":"2025-06-18T13:12:07","modified_gmt":"2025-06-18T13:12:07","slug":"nos-equipes","status":"publish","type":"page","link":"https:\/\/pdl.fr\/fr\/nos-equipes\/","title":{"rendered":"Nos \u00e9quipes"},"content":{"rendered":"\n<div id=\"wp-block-themeisle-blocks-advanced-columns-bd2576c3\" class=\"wp-block-themeisle-blocks-advanced-columns alignfull has-1-columns has-desktop-equal-layout has-tablet-equal-layout has-mobile-equal-layout has-vertical-center title-institucional\"><div class=\"wp-block-themeisle-blocks-advanced-columns-overlay\"><\/div><div class=\"innerblocks-wrap\">\n<div id=\"wp-block-themeisle-blocks-advanced-column-8d9a737e\" class=\"wp-block-themeisle-blocks-advanced-column\">\n<div id=\"wp-block-themeisle-blocks-advanced-columns-5cece33c\" class=\"wp-block-themeisle-blocks-advanced-columns alignfull has-1-columns has-desktop-equal-layout has-tablet-equal-layout has-mobile-equal-layout has-vertical-unset\"><div class=\"wp-block-themeisle-blocks-advanced-columns-overlay\"><\/div><div class=\"innerblocks-wrap\">\n<div id=\"wp-block-themeisle-blocks-advanced-column-90162098\" class=\"wp-block-themeisle-blocks-advanced-column\">\n<h1 id=\"wp-block-themeisle-blocks-advanced-heading-7d5f854e\" class=\"wp-block-themeisle-blocks-advanced-heading wp-block-themeisle-blocks-advanced-heading-7d5f854e\">Nos \u00e9quipes<\/h1>\n\n\n\n<h2 id=\"wp-block-themeisle-blocks-advanced-heading-f6249124\" class=\"wp-block-themeisle-blocks-advanced-heading wp-block-themeisle-blocks-advanced-heading-f6249124\">Une philosophie de gestion diff\u00e9rente<\/h2>\n\n\n\n<p style=\"padding-top:54px;padding-bottom:0px\">Vivre ensemble : d\u00e9velopper la coresponsabilit\u00e9 et l\u2019autonomie.<\/p>\n<\/div>\n<\/div><\/div>\n<\/div>\n<\/div><\/div>\n\n\n\n<div id=\"wp-block-themeisle-blocks-advanced-columns-26f76635\" class=\"wp-block-themeisle-blocks-advanced-columns alignfull has-1-columns has-desktop-equal-layout has-tablet-equal-layout has-mobile-equal-layout has-vertical-unset\"><div class=\"wp-block-themeisle-blocks-advanced-columns-overlay\"><\/div><div class=\"innerblocks-wrap\">\n<div id=\"wp-block-themeisle-blocks-advanced-column-dff737be\" class=\"wp-block-themeisle-blocks-advanced-column\">\n<section id=\"wp-block-themeisle-blocks-advanced-columns-0074ac21\" class=\"wp-block-themeisle-blocks-advanced-columns alignfull has-2-columns has-desktop-equal-layout has-tablet-equal-layout has-mobile-collapsedRows-layout has-reverse-columns-mobile has-vertical-center\"><div class=\"wp-block-themeisle-blocks-advanced-columns-overlay\"><\/div><div class=\"innerblocks-wrap\">\n<div id=\"wp-block-themeisle-blocks-advanced-column-e7c756c1\" class=\"wp-block-themeisle-blocks-advanced-column\">\n<figure class=\"wp-block-image size-full\"><img loading=\"lazy\" decoding=\"async\" width=\"1245\" height=\"1062\" src=\"https:\/\/pdl.fr\/wp-content\/uploads\/2024\/12\/people1.webp\" alt=\"\" class=\"wp-image-1913\" srcset=\"https:\/\/pdl.fr\/wp-content\/uploads\/2024\/12\/people1.webp 1245w, https:\/\/pdl.fr\/wp-content\/uploads\/2024\/12\/people1-300x256.webp 300w, https:\/\/pdl.fr\/wp-content\/uploads\/2024\/12\/people1-1024x873.webp 1024w, https:\/\/pdl.fr\/wp-content\/uploads\/2024\/12\/people1-768x655.webp 768w\" sizes=\"auto, (max-width: 1245px) 100vw, 1245px\" \/><\/figure>\n<\/div>\n\n\n\n<div id=\"wp-block-themeisle-blocks-advanced-column-6ffe4773\" class=\"wp-block-themeisle-blocks-advanced-column\">\n<p>Chez PDL, nous accordons une grande importance au potentiel humain, \u00e0 la cr\u00e9ativit\u00e9 et \u00e0 l&rsquo;adaptabilit\u00e9, en nous effor\u00e7ant de cr\u00e9er un environnement de travail qui favorise la productivit\u00e9 tout en mettant l&rsquo;accent sur le bien-\u00eatre global de nos employ\u00e9s. En 2014, PDL a adopt\u00e9 une approche de gestion plus progressiste, mettant l&rsquo;accent sur la confiance, la transparence, l&rsquo;autonomie des employ\u00e9s, l&rsquo;autonomisation et un mod\u00e8le de leadership distribu\u00e9. En adoptant les principes d&rsquo;une organisation d\u00e9centralis\u00e9e et autog\u00e9r\u00e9e, nous avons transform\u00e9 notre culture et permis \u00e0 nos employ\u00e9s de prendre l&rsquo;initiative de faire avancer l&rsquo;entreprise.  <\/p>\n<\/div>\n<\/div><\/section>\n\n\n\n<section id=\"wp-block-themeisle-blocks-advanced-columns-5bbc28bf\" class=\"wp-block-themeisle-blocks-advanced-columns alignfull has-2-columns has-desktop-equal-layout has-tablet-equal-layout has-mobile-collapsedRows-layout has-vertical-center\"><div class=\"wp-block-themeisle-blocks-advanced-columns-overlay\"><\/div><div class=\"innerblocks-wrap\">\n<div id=\"wp-block-themeisle-blocks-advanced-column-a02d9e4f\" class=\"wp-block-themeisle-blocks-advanced-column\">\n<p>Ce changement a non seulement conduit \u00e0 une augmentation de la productivit\u00e9, des b\u00e9n\u00e9fices et de la croissance, mais a \u00e9galement significativement am\u00e9lior\u00e9 la satisfaction, l&rsquo;engagement et l&rsquo;innovation de nos \u00e9quipes. Aujourd&rsquo;hui, PDL est un leader mondial sur le march\u00e9 des applications de papier de cuisson, des papiers minces pour impression et des papiers \u00e0 rouler, \u00e9tablissant des normes de qualit\u00e9 et de performance. Ce succ\u00e8s est port\u00e9 par une \u00e9quipe d\u00e9vou\u00e9e qui s&rsquo;\u00e9panouit dans un environnement o\u00f9 les employ\u00e9s r\u00e9alisent leur plein potentiel. Nous croyons en la promotion de la cr\u00e9ativit\u00e9 et de l&rsquo;adaptabilit\u00e9, favorisant un lieu de travail qui met la productivit\u00e9 et le bien-\u00eatre sur un pied d&rsquo;\u00e9galit\u00e9.   <\/p>\n<\/div>\n\n\n\n<div id=\"wp-block-themeisle-blocks-advanced-column-f8ad7424\" class=\"wp-block-themeisle-blocks-advanced-column\">\n<figure class=\"wp-block-image size-full\"><img loading=\"lazy\" decoding=\"async\" width=\"1245\" height=\"1062\" src=\"https:\/\/pdl.fr\/wp-content\/uploads\/2024\/12\/people2.webp\" alt=\"\" class=\"wp-image-1914\" srcset=\"https:\/\/pdl.fr\/wp-content\/uploads\/2024\/12\/people2.webp 1245w, https:\/\/pdl.fr\/wp-content\/uploads\/2024\/12\/people2-300x256.webp 300w, https:\/\/pdl.fr\/wp-content\/uploads\/2024\/12\/people2-1024x873.webp 1024w, https:\/\/pdl.fr\/wp-content\/uploads\/2024\/12\/people2-768x655.webp 768w\" sizes=\"auto, (max-width: 1245px) 100vw, 1245px\" \/><\/figure>\n<\/div>\n<\/div><\/section>\n<\/div>\n<\/div><\/div>\n\n\n\n<div id=\"wp-block-themeisle-blocks-advanced-columns-ad98131a\" class=\"wp-block-themeisle-blocks-advanced-columns alignfull has-1-columns has-desktop-equal-layout has-tablet-equal-layout has-mobile-equal-layout has-vertical-center\"><div class=\"wp-block-themeisle-blocks-advanced-columns-overlay\"><\/div><div class=\"innerblocks-wrap\">\n<div id=\"wp-block-themeisle-blocks-advanced-column-cbe27b54\" class=\"wp-block-themeisle-blocks-advanced-column\">\n<h3 id=\"wp-block-themeisle-blocks-advanced-heading-72d27ed5\" class=\"wp-block-themeisle-blocks-advanced-heading wp-block-themeisle-blocks-advanced-heading-72d27ed5\">Des opportunit\u00e9s vous attendent<\/h3>\n\n\n\n<p id=\"wp-block-themeisle-blocks-advanced-heading-7afb397f\" class=\"wp-block-themeisle-blocks-advanced-heading wp-block-themeisle-blocks-advanced-heading-7afb397f\"><br>Nous sommes toujours \u00e0 la recherche de personnes de qualit\u00e9 et de talents exceptionnels. Si vous souhaitez mettre vos comp\u00e9tences au service d\u2019un monde meilleur pour les g\u00e9n\u00e9rations futures, consultez nos offres d\u2019emploi actuelles ! Nous serions ravis de vous rencontrer<\/p>\n\n\n\n<div class=\"wp-block-buttons is-content-justification-center is-layout-flex wp-container-core-buttons-is-layout-16018d1d wp-block-buttons-is-layout-flex\">\n<div class=\"wp-block-button is-style-primary\"><a class=\"wp-block-button__link wp-element-button\" href=\"https:\/\/pdl.fr\/fr\/emplois\/\">Voir les offres<\/a><\/div>\n<\/div>\n<\/div>\n<\/div><\/div>\n\n\n\n<div id=\"wp-block-themeisle-blocks-advanced-columns-21f93801\" class=\"wp-block-themeisle-blocks-advanced-columns alignfull has-1-columns has-desktop-equal-layout has-tablet-equal-layout has-mobile-equal-layout has-vertical-unset\"><div class=\"wp-block-themeisle-blocks-advanced-columns-overlay\"><\/div><div class=\"innerblocks-wrap\">\n<div id=\"wp-block-themeisle-blocks-advanced-column-0af402cb\" class=\"wp-block-themeisle-blocks-advanced-column\">\n<section id=\"wp-block-themeisle-blocks-advanced-columns-9c44cad7\" class=\"wp-block-themeisle-blocks-advanced-columns alignfull has-2-columns has-desktop-equal-layout has-tablet-equal-layout has-mobile-collapsedRows-layout has-reverse-columns-mobile has-vertical-center\"><div class=\"wp-block-themeisle-blocks-advanced-columns-overlay\"><\/div><div class=\"innerblocks-wrap\">\n<div id=\"wp-block-themeisle-blocks-advanced-column-02a8389e\" class=\"wp-block-themeisle-blocks-advanced-column\">\n<figure class=\"wp-block-image size-full\"><img loading=\"lazy\" decoding=\"async\" width=\"1245\" height=\"1062\" src=\"https:\/\/pdl.fr\/wp-content\/uploads\/2024\/12\/people3.webp\" alt=\"\" class=\"wp-image-1915\" srcset=\"https:\/\/pdl.fr\/wp-content\/uploads\/2024\/12\/people3.webp 1245w, https:\/\/pdl.fr\/wp-content\/uploads\/2024\/12\/people3-300x256.webp 300w, https:\/\/pdl.fr\/wp-content\/uploads\/2024\/12\/people3-1024x873.webp 1024w, https:\/\/pdl.fr\/wp-content\/uploads\/2024\/12\/people3-768x655.webp 768w\" sizes=\"auto, (max-width: 1245px) 100vw, 1245px\" \/><\/figure>\n<\/div>\n\n\n\n<div id=\"wp-block-themeisle-blocks-advanced-column-d4de7a35\" class=\"wp-block-themeisle-blocks-advanced-column\">\n<span id=\"wp-block-themeisle-blocks-advanced-heading-698b07ac\" class=\"wp-block-themeisle-blocks-advanced-heading wp-block-themeisle-blocks-advanced-heading-698b07ac\">Engagement envers l&rsquo;excellence<\/span>\n\n\n\n<h3 id=\"wp-block-themeisle-blocks-advanced-heading-8241d226\" class=\"wp-block-themeisle-blocks-advanced-heading wp-block-themeisle-blocks-advanced-heading-8241d226\">Notre Vision<\/h3>\n\n\n\n<p>D\u00e9velopper une entreprise durable et socialement responsable qui con\u00e7oit, produit et commercialise du papier et des produits en papier, en s\u2019adaptant rapidement aux besoins des clients et en anticipant les tendances du march\u00e9.<\/p>\n<\/div>\n<\/div><\/section>\n<\/div>\n<\/div><\/div>\n\n\n\n<section id=\"wp-block-themeisle-blocks-advanced-columns-0f9a0446\" class=\"wp-block-themeisle-blocks-advanced-columns alignfull has-1-columns has-desktop-equal-layout has-tablet-equal-layout has-mobile-collapsedRows-layout has-vertical-center has-light-bg our-values\"><div class=\"wp-block-themeisle-blocks-advanced-columns-overlay\"><\/div><div class=\"innerblocks-wrap\">\n<div id=\"wp-block-themeisle-blocks-advanced-column-ec4099d4\" class=\"wp-block-themeisle-blocks-advanced-column\">\n<div id=\"wp-block-themeisle-blocks-advanced-columns-5452c5c1\" class=\"wp-block-themeisle-blocks-advanced-columns has-1-columns has-desktop-equal-layout has-tablet-equal-layout has-mobile-equal-layout has-vertical-unset\"><div class=\"wp-block-themeisle-blocks-advanced-columns-overlay\"><\/div><div class=\"innerblocks-wrap\">\n<div id=\"wp-block-themeisle-blocks-advanced-column-69d4a245\" class=\"wp-block-themeisle-blocks-advanced-column\">\n<h3 id=\"wp-block-themeisle-blocks-advanced-heading-673fd383\" class=\"wp-block-themeisle-blocks-advanced-heading wp-block-themeisle-blocks-advanced-heading-673fd383\">Nos <span class=\"highlight\">Valeurs<\/span><\/h3>\n<\/div>\n<\/div><\/div>\n\n\n\n<div class=\"wp-block-group is-layout-grid wp-container-core-group-is-layout-6be84c55 wp-block-group-is-layout-grid\">\n<div class=\"wp-block-themeisle-blocks-service\">\n<figure class=\"wp-block-image size-large\"><img loading=\"lazy\" decoding=\"async\" width=\"50\" height=\"50\" src=\"https:\/\/pdl.fr\/wp-content\/uploads\/2024\/11\/volunteer_activism_24dp_5F6368_FILL0_wght100_GRAD0_opsz24-1-4f9a56.svg\" alt=\"\" class=\"wp-image-1252\"\/><\/figure>\n\n\n\n<p id=\"wp-block-themeisle-blocks-advanced-heading-f4ea1113\" class=\"wp-block-themeisle-blocks-advanced-heading wp-block-themeisle-blocks-advanced-heading-f4ea1113\">S\u00e9curit\u00e9, \u00e9coute et <br>respect des personnes<\/p>\n<\/div>\n\n\n\n<div class=\"wp-block-themeisle-blocks-service\">\n<figure class=\"wp-block-image size-large\"><img loading=\"lazy\" decoding=\"async\" width=\"50\" height=\"50\" src=\"https:\/\/pdl.fr\/wp-content\/uploads\/2024\/11\/sentiment_satisfied_24dp_5F6368_FILL0_wght100_GRAD0_opsz24-1-6ce750.svg\" alt=\"\" class=\"wp-image-1254\"\/><\/figure>\n\n\n\n<p id=\"wp-block-themeisle-blocks-advanced-heading-ca0cfb97\" class=\"wp-block-themeisle-blocks-advanced-heading wp-block-themeisle-blocks-advanced-heading-ca0cfb97\">Satisfaction <br>client<\/p>\n<\/div>\n\n\n\n<div class=\"wp-block-themeisle-blocks-service\">\n<figure class=\"wp-block-image size-large\"><img loading=\"lazy\" decoding=\"async\" width=\"50\" height=\"50\" src=\"https:\/\/pdl.fr\/wp-content\/uploads\/2024\/11\/handshake_24dp_5F6368_FILL0_wght100_GRAD0_opsz24-1-6f7eb4.svg\" alt=\"\" class=\"wp-image-1255\"\/><\/figure>\n\n\n\n<p id=\"wp-block-themeisle-blocks-advanced-heading-4e98947d\" class=\"wp-block-themeisle-blocks-advanced-heading wp-block-themeisle-blocks-advanced-heading-4e98947d\">Vivre ensemble, <br>coresponsabilit\u00e9<\/p>\n<\/div>\n\n\n\n<div class=\"wp-block-themeisle-blocks-service\">\n<figure class=\"wp-block-image size-large\"><img loading=\"lazy\" decoding=\"async\" width=\"50\" height=\"50\" src=\"https:\/\/pdl.fr\/wp-content\/uploads\/2024\/11\/manufacturing_24dp_5F6368_FILL0_wght100_GRAD0_opsz24-1-8df4ab.svg\" alt=\"\" class=\"wp-image-1251\"\/><\/figure>\n\n\n\n<p id=\"wp-block-themeisle-blocks-advanced-heading-23989ee6\" class=\"wp-block-themeisle-blocks-advanced-heading wp-block-themeisle-blocks-advanced-heading-23989ee6\">D\u00e9veloppement des <br>comp\u00e9tences et de l\u2019expertise<\/p>\n<\/div>\n\n\n\n<div class=\"wp-block-themeisle-blocks-service\">\n<figure class=\"wp-block-image size-large\"><img loading=\"lazy\" decoding=\"async\" width=\"50\" height=\"50\" src=\"https:\/\/pdl.fr\/wp-content\/uploads\/2024\/11\/nest_eco_leaf_24dp_5F6368_FILL0_wght100_GRAD0_opsz24-1-97649a.svg\" alt=\"\" class=\"wp-image-1250\"\/><\/figure>\n\n\n\n<p id=\"wp-block-themeisle-blocks-advanced-heading-3d01bf21\" class=\"wp-block-themeisle-blocks-advanced-heading wp-block-themeisle-blocks-advanced-heading-3d01bf21\">Protection de l\u2019environnement <br>et \u00e9co-responsabilit\u00e9<\/p>\n<\/div>\n\n\n\n<div class=\"wp-block-themeisle-blocks-service\">\n<figure class=\"wp-block-image size-large\"><img loading=\"lazy\" decoding=\"async\" width=\"50\" height=\"50\" src=\"https:\/\/pdl.fr\/wp-content\/uploads\/2024\/11\/corporate_fare_24dp_5F6368_FILL0_wght100_GRAD0_opsz24-1-590e9b.svg\" alt=\"\" class=\"wp-image-1253\"\/><\/figure>\n\n\n\n<p id=\"wp-block-themeisle-blocks-advanced-heading-58127f29\" class=\"wp-block-themeisle-blocks-advanced-heading wp-block-themeisle-blocks-advanced-heading-58127f29\">Engagement envers <br>l\u2019entreprise<\/p>\n<\/div>\n<\/div>\n<\/div>\n<\/div><\/section>\n","protected":false},"excerpt":{"rendered":"","protected":false},"author":1,"featured_media":0,"parent":0,"menu_order":0,"comment_status":"closed","ping_status":"closed","template":"","meta":{"neve_meta_sidebar":"","neve_meta_container":"","neve_meta_enable_content_width":"","neve_meta_content_width":0,"neve_meta_title_alignment":"","neve_meta_author_avatar":"","neve_post_elements_order":"","neve_meta_disable_header":"","neve_meta_disable_footer":"","neve_meta_disable_title":"on","neve_meta_reading_time":"","_themeisle_gutenberg_block_has_review":false,"footnotes":""},"categories":[],"tags":[],"class_list":["post-2201","page","type-page","status-publish","hentry"],"_links":{"self":[{"href":"https:\/\/pdl.fr\/fr\/wp-json\/wp\/v2\/pages\/2201","targetHints":{"allow":["GET"]}}],"collection":[{"href":"https:\/\/pdl.fr\/fr\/wp-json\/wp\/v2\/pages"}],"about":[{"href":"https:\/\/pdl.fr\/fr\/wp-json\/wp\/v2\/types\/page"}],"author":[{"embeddable":true,"href":"https:\/\/pdl.fr\/fr\/wp-json\/wp\/v2\/users\/1"}],"replies":[{"embeddable":true,"href":"https:\/\/pdl.fr\/fr\/wp-json\/wp\/v2\/comments?post=2201"}],"version-history":[{"count":7,"href":"https:\/\/pdl.fr\/fr\/wp-json\/wp\/v2\/pages\/2201\/revisions"}],"predecessor-version":[{"id":3210,"href":"https:\/\/pdl.fr\/fr\/wp-json\/wp\/v2\/pages\/2201\/revisions\/3210"}],"wp:attachment":[{"href":"https:\/\/pdl.fr\/fr\/wp-json\/wp\/v2\/media?parent=2201"}],"wp:term":[{"taxonomy":"category","embeddable":true,"href":"https:\/\/pdl.fr\/fr\/wp-json\/wp\/v2\/categories?post=2201"},{"taxonomy":"post_tag","embeddable":true,"href":"https:\/\/pdl.fr\/fr\/wp-json\/wp\/v2\/tags?post=2201"}],"curies":[{"name":"wp","href":"https:\/\/api.w.org\/{rel}","templated":true}]}}