{"id":2183,"date":"2024-11-28T12:51:25","date_gmt":"2024-11-28T12:51:25","guid":{"rendered":"https:\/\/pdlsite.dev\/developpement-durable\/"},"modified":"2025-12-15T15:50:13","modified_gmt":"2025-12-15T15:50:13","slug":"developpement-durable","status":"publish","type":"page","link":"https:\/\/pdl.fr\/fr\/developpement-durable\/","title":{"rendered":"D\u00e9veloppement durable"},"content":{"rendered":"\n<div id=\"wp-block-themeisle-blocks-advanced-columns-bd2576c3\" class=\"wp-block-themeisle-blocks-advanced-columns alignfull has-1-columns has-desktop-equal-layout has-tablet-equal-layout has-mobile-equal-layout has-vertical-center title-institucional\"><div class=\"wp-block-themeisle-blocks-advanced-columns-overlay\"><\/div><div class=\"innerblocks-wrap\">\n<div id=\"wp-block-themeisle-blocks-advanced-column-8d9a737e\" class=\"wp-block-themeisle-blocks-advanced-column\">\n<div id=\"wp-block-themeisle-blocks-advanced-columns-5cece33c\" class=\"wp-block-themeisle-blocks-advanced-columns alignfull has-1-columns has-desktop-equal-layout has-tablet-equal-layout has-mobile-equal-layout has-vertical-unset\"><div class=\"wp-block-themeisle-blocks-advanced-columns-overlay\"><\/div><div class=\"innerblocks-wrap\">\n<div id=\"wp-block-themeisle-blocks-advanced-column-90162098\" class=\"wp-block-themeisle-blocks-advanced-column\">\n<h1 id=\"wp-block-themeisle-blocks-advanced-heading-7d5f854e\" class=\"wp-block-themeisle-blocks-advanced-heading wp-block-themeisle-blocks-advanced-heading-7d5f854e\">DURABILITE<\/h1>\n\n\n\n<h3 id=\"wp-block-themeisle-blocks-advanced-heading-f6249124\" class=\"wp-block-themeisle-blocks-advanced-heading wp-block-themeisle-blocks-advanced-heading-f6249124\">Soutenir la Transition vers une \u00c9conomie Circulaire<\/h3>\n<\/div>\n<\/div><\/div>\n<\/div>\n<\/div><\/div>\n\n\n\n<div id=\"wp-block-themeisle-blocks-advanced-columns-ad98131a\" class=\"wp-block-themeisle-blocks-advanced-columns alignfull has-1-columns has-desktop-equal-layout has-tablet-equal-layout has-mobile-equal-layout has-vertical-unset\"><div class=\"wp-block-themeisle-blocks-advanced-columns-overlay\"><\/div><div class=\"innerblocks-wrap\">\n<div id=\"wp-block-themeisle-blocks-advanced-column-cbe27b54\" class=\"wp-block-themeisle-blocks-advanced-column\"><\/div>\n<\/div><\/div>\n\n\n\n<div id=\"wp-block-themeisle-blocks-advanced-columns-21f93801\" class=\"wp-block-themeisle-blocks-advanced-columns alignfull has-1-columns has-desktop-equal-layout has-tablet-equal-layout has-mobile-equal-layout has-vertical-unset\"><div class=\"wp-block-themeisle-blocks-advanced-columns-overlay\"><\/div><div class=\"innerblocks-wrap\">\n<div id=\"wp-block-themeisle-blocks-advanced-column-0af402cb\" class=\"wp-block-themeisle-blocks-advanced-column\">\n<section id=\"wp-block-themeisle-blocks-advanced-columns-08d9efd2\" class=\"wp-block-themeisle-blocks-advanced-columns alignfull has-2-columns has-desktop-equal-layout has-tablet-equal-layout has-mobile-collapsedRows-layout has-vertical-center\"><div class=\"wp-block-themeisle-blocks-advanced-columns-overlay\"><\/div><div class=\"innerblocks-wrap\">\n<div id=\"wp-block-themeisle-blocks-advanced-column-5ac2101e\" class=\"wp-block-themeisle-blocks-advanced-column\">\n<p><em>A proximit\u00e9 d&rsquo;Evian-les-Bains<\/em>, entre le lac L\u00e9man et les Alpes fran\u00e7aises, PDL a depuis longtemps pris conscience de la sensibilit\u00e9 environnementale de sa position et de sa responsabilit\u00e9 dans l&rsquo;entretien de la r\u00e9gion.<br>Au fil des ann\u00e9es, PDL a toujours cherch\u00e9 \u00e0 mettre en avant des proc\u00e9d\u00e9s respectueux de la plan\u00e8te pour int\u00e9grer une dimension \u00e9cologique d\u00e8s la conception de ses papiers.<br>Nous concevons et fabriquons des papiers fonctionnels et l\u00e9gers \u00e0 partir de ressources renouvelables, aidant ainsi nos clients \u00e0 \u00e9voluer vers une \u00e9conomie plus durable et circulaire.<br>L&rsquo;adoption de technologies \u00e9co-responsables permettant une production de papier responsable, et participant \u00e0 la protection de notre plan\u00e8te, est devenue obligatoire.<\/p>\n<\/div>\n\n\n\n<div id=\"wp-block-themeisle-blocks-advanced-column-4ddd997a\" class=\"wp-block-themeisle-blocks-advanced-column\">\n<figure class=\"wp-block-image size-full\"><img loading=\"lazy\" decoding=\"async\" width=\"1250\" height=\"1062\" src=\"https:\/\/pdl.fr\/wp-content\/uploads\/2024\/12\/Rectangle-1384-1.webp\" alt=\"\" class=\"wp-image-1902\" srcset=\"https:\/\/pdl.fr\/wp-content\/uploads\/2024\/12\/Rectangle-1384-1.webp 1250w, https:\/\/pdl.fr\/wp-content\/uploads\/2024\/12\/Rectangle-1384-1-300x255.webp 300w, https:\/\/pdl.fr\/wp-content\/uploads\/2024\/12\/Rectangle-1384-1-1024x870.webp 1024w, https:\/\/pdl.fr\/wp-content\/uploads\/2024\/12\/Rectangle-1384-1-768x652.webp 768w\" sizes=\"auto, (max-width: 1250px) 100vw, 1250px\" \/><\/figure>\n<\/div>\n<\/div><\/section>\n\n\n\n<section id=\"wp-block-themeisle-blocks-advanced-columns-9c44cad7\" class=\"wp-block-themeisle-blocks-advanced-columns alignfull has-2-columns has-desktop-equal-layout has-tablet-equal-layout has-mobile-collapsedRows-layout has-reverse-columns-mobile has-vertical-center\"><div class=\"wp-block-themeisle-blocks-advanced-columns-overlay\"><\/div><div class=\"innerblocks-wrap\">\n<div id=\"wp-block-themeisle-blocks-advanced-column-02a8389e\" class=\"wp-block-themeisle-blocks-advanced-column\"><div class=\"wp-block-image\">\n<figure class=\"aligncenter size-full is-resized\"><img loading=\"lazy\" decoding=\"async\" width=\"1301\" height=\"1787\" src=\"https:\/\/pdl.fr\/wp-content\/uploads\/2025\/01\/Life-logo.webp\" alt=\"\" class=\"wp-image-2566\" style=\"width:248px;height:auto\" srcset=\"https:\/\/pdl.fr\/wp-content\/uploads\/2025\/01\/Life-logo.webp 1301w, https:\/\/pdl.fr\/wp-content\/uploads\/2025\/01\/Life-logo-218x300.webp 218w, https:\/\/pdl.fr\/wp-content\/uploads\/2025\/01\/Life-logo-746x1024.webp 746w, https:\/\/pdl.fr\/wp-content\/uploads\/2025\/01\/Life-logo-768x1055.webp 768w, https:\/\/pdl.fr\/wp-content\/uploads\/2025\/01\/Life-logo-1118x1536.webp 1118w\" sizes=\"auto, (max-width: 1301px) 100vw, 1301px\" \/><\/figure>\n<\/div><\/div>\n\n\n\n<div id=\"wp-block-themeisle-blocks-advanced-column-d4de7a35\" class=\"wp-block-themeisle-blocks-advanced-column\">\n<span id=\"wp-block-themeisle-blocks-advanced-heading-698b07ac\" class=\"wp-block-themeisle-blocks-advanced-heading wp-block-themeisle-blocks-advanced-heading-698b07ac\">Life Eco-Conception<\/span>\n\n\n\n<h3 id=\"wp-block-themeisle-blocks-advanced-heading-8241d226\" class=\"wp-block-themeisle-blocks-advanced-heading wp-block-themeisle-blocks-advanced-heading-8241d226\">R\u00e9inventer l&rsquo;Industrie du Papier<\/h3>\n\n\n\n<p>Soucieuse de r\u00e9duire son empreinte environnementale et d&rsquo;utiliser des proc\u00e9d\u00e9s plus propres, la cr\u00e9ation des premiers papiers \u00e9co-con\u00e7us et du label <strong>LIFE<\/strong> (Less Impact For Earth) s&rsquo;accompagne d&rsquo;une volont\u00e9 d&rsquo;agir pour un d\u00e9veloppement responsable. <br>En adoptant <strong>LIFE<\/strong> et des technologies responsables, l&rsquo;usine peut contribuer \u00e0 la pr\u00e9servation des ressources, \u00e0 la r\u00e9duction de la pollution et \u00e0 la protection de l&rsquo;\u00e9cosyst\u00e8me environnant.<\/p>\n<\/div>\n<\/div><\/section>\n<\/div>\n<\/div><\/div>\n\n\n\n<div id=\"wp-block-themeisle-blocks-advanced-columns-bed25b75\" class=\"wp-block-themeisle-blocks-advanced-columns alignfull has-1-columns has-desktop-equal-layout has-tablet-equal-layout has-mobile-equal-layout has-vertical-unset\"><div class=\"wp-block-themeisle-blocks-advanced-columns-overlay\"><\/div><div class=\"innerblocks-wrap\">\n<div id=\"wp-block-themeisle-blocks-advanced-column-c5a75432\" class=\"wp-block-themeisle-blocks-advanced-column\">\n<section id=\"wp-block-themeisle-blocks-advanced-columns-5680aabf\" class=\"wp-block-themeisle-blocks-advanced-columns alignfull has-2-columns has-desktop-equal-layout has-tablet-equal-layout has-mobile-collapsedRows-layout has-reverse-columns-mobile has-vertical-center\"><div class=\"wp-block-themeisle-blocks-advanced-columns-overlay\"><\/div><div class=\"innerblocks-wrap\">\n<div id=\"wp-block-themeisle-blocks-advanced-column-d304fe49\" class=\"wp-block-themeisle-blocks-advanced-column\">\n<span id=\"wp-block-themeisle-blocks-advanced-heading-ba1e9667\" class=\"wp-block-themeisle-blocks-advanced-heading wp-block-themeisle-blocks-advanced-heading-ba1e9667\">Rapport RSE&nbsp;<\/span>\n\n\n\n<h3 id=\"wp-block-themeisle-blocks-advanced-heading-f13896ab\" class=\"wp-block-themeisle-blocks-advanced-heading wp-block-themeisle-blocks-advanced-heading-f13896ab\"><\/h3>\n\n\n\n<p>En tant que leader europ\u00e9en des papiers de sp\u00e9cialit\u00e9s, PDL assume pleinement sa responsabilit\u00e9 d\u2019ouvrir la voie, port\u00e9e par une vision \u00e0 long terme int\u00e9grant l\u2019exigence environnementale, l\u2019engagement social et la performance \u00e9conomique. En adoptant six axes fondamentaux align\u00e9s sur les ODD, nous pla\u00e7ons le d\u00e9veloppement durable au c\u0153ur de notre strat\u00e9gie d\u2019entreprise \u2014 non pas simplement pour respecter des normes ou limiter des risques, mais pour b\u00e2tir un mod\u00e8le industriel responsable et innovant pour demain. Ce rapport de Responsabilit\u00e9 Soci\u00e9tale des Entreprises (RSE) illustre nos engagements et nos r\u00e9alisations autour de ces axes, et refl\u00e8te notre ambition de contribuer concr\u00e8tement aux grands enjeux mondiaux. Ensemble, avec nos collaborateurs, nos clients, nos partenaires et nos communaut\u00e9s, nous \u0153uvrons pour un avenir o\u00f9 l\u2019industrie ne fait pas partie du probl\u00e8me, mais constitue un levier essentiel des solutions.<br><\/p>\n<\/div>\n\n\n\n<div id=\"wp-block-themeisle-blocks-advanced-column-42be8e47\" class=\"wp-block-themeisle-blocks-advanced-column\"><div class=\"wp-block-image\">\n<figure class=\"aligncenter size-full is-resized\"><img loading=\"lazy\" decoding=\"async\" width=\"718\" height=\"1018\" src=\"https:\/\/pdl.fr\/wp-content\/uploads\/2025\/09\/Rapport-CRS.png\" alt=\"Rapport CRS\" class=\"wp-image-3406\" style=\"width:380px;height:auto\" srcset=\"https:\/\/pdl.fr\/wp-content\/uploads\/2025\/09\/Rapport-CRS.png 718w, https:\/\/pdl.fr\/wp-content\/uploads\/2025\/09\/Rapport-CRS-212x300.png 212w\" sizes=\"auto, (max-width: 718px) 100vw, 718px\" \/><\/figure>\n<\/div><\/div>\n<\/div><\/section>\n<\/div>\n<\/div><\/div>\n\n\n\n<section id=\"wp-block-themeisle-blocks-advanced-columns-78c246c4\" class=\"wp-block-themeisle-blocks-advanced-columns alignfull has-1-columns has-desktop-equal-layout has-tablet-equal-layout has-mobile-collapsedRows-layout has-vertical-center has-light-bg w-90 logos-section border-mobile\"><div class=\"wp-block-themeisle-blocks-advanced-columns-overlay\"><\/div><div class=\"innerblocks-wrap\">\n<div id=\"wp-block-themeisle-blocks-advanced-column-9012d745\" class=\"wp-block-themeisle-blocks-advanced-column\">\n<h3 id=\"wp-block-themeisle-blocks-advanced-heading-4a225aa0\" class=\"wp-block-themeisle-blocks-advanced-heading wp-block-themeisle-blocks-advanced-heading-4a225aa0\">Nos <span class=\"highlight\">Certifications<\/span><\/h3>\n\n\n\n<div class=\"wp-block-group alignfull logos is-layout-grid wp-container-core-group-is-layout-9623da6b wp-block-group-is-layout-grid\">\n<figure class=\"wp-block-image size-full\"><img loading=\"lazy\" decoding=\"async\" width=\"524\" height=\"473\" src=\"https:\/\/pdl.fr\/wp-content\/uploads\/2024\/12\/logo5.webp\" alt=\"\" class=\"wp-image-1846\" srcset=\"https:\/\/pdl.fr\/wp-content\/uploads\/2024\/12\/logo5.webp 524w, https:\/\/pdl.fr\/wp-content\/uploads\/2024\/12\/logo5-300x271.webp 300w\" sizes=\"auto, (max-width: 524px) 100vw, 524px\" \/><\/figure>\n\n\n\n<figure class=\"wp-block-image size-full\"><img loading=\"lazy\" decoding=\"async\" width=\"524\" height=\"473\" src=\"https:\/\/pdl.fr\/wp-content\/uploads\/2024\/11\/logo-iso1.webp\" alt=\"\" class=\"wp-image-1938\" srcset=\"https:\/\/pdl.fr\/wp-content\/uploads\/2024\/11\/logo-iso1.webp 524w, https:\/\/pdl.fr\/wp-content\/uploads\/2024\/11\/logo-iso1-300x271.webp 300w\" sizes=\"auto, (max-width: 524px) 100vw, 524px\" \/><\/figure>\n\n\n\n<figure class=\"wp-block-image size-full\"><img loading=\"lazy\" decoding=\"async\" width=\"524\" height=\"473\" src=\"https:\/\/pdl.fr\/wp-content\/uploads\/2024\/12\/logo-iso2.webp\" alt=\"\" class=\"wp-image-1939\" srcset=\"https:\/\/pdl.fr\/wp-content\/uploads\/2024\/12\/logo-iso2.webp 524w, https:\/\/pdl.fr\/wp-content\/uploads\/2024\/12\/logo-iso2-300x271.webp 300w\" sizes=\"auto, (max-width: 524px) 100vw, 524px\" \/><\/figure>\n\n\n\n<figure class=\"wp-block-image size-full\"><img loading=\"lazy\" decoding=\"async\" width=\"524\" height=\"473\" src=\"https:\/\/pdl.fr\/wp-content\/uploads\/2025\/01\/cropped-png-fsc.png\" alt=\"\" class=\"wp-image-2482\" srcset=\"https:\/\/pdl.fr\/wp-content\/uploads\/2025\/01\/cropped-png-fsc.png 524w, https:\/\/pdl.fr\/wp-content\/uploads\/2025\/01\/cropped-png-fsc-300x271.png 300w\" sizes=\"auto, (max-width: 524px) 100vw, 524px\" \/><\/figure>\n\n\n\n<figure class=\"wp-block-image size-full\"><img loading=\"lazy\" decoding=\"async\" width=\"538\" height=\"464\" src=\"https:\/\/pdl.fr\/wp-content\/uploads\/2025\/01\/cropped-png-pefc.png\" alt=\"\" class=\"wp-image-2484\" srcset=\"https:\/\/pdl.fr\/wp-content\/uploads\/2025\/01\/cropped-png-pefc.png 538w, https:\/\/pdl.fr\/wp-content\/uploads\/2025\/01\/cropped-png-pefc-300x259.png 300w\" sizes=\"auto, (max-width: 538px) 100vw, 538px\" \/><\/figure>\n<\/div>\n<\/div>\n<\/div><\/section>\n\n\n\n<div id=\"wp-block-themeisle-blocks-advanced-columns-265d4c49\" class=\"wp-block-themeisle-blocks-advanced-columns alignfull has-1-columns has-desktop-equal-layout has-tablet-equal-layout has-mobile-equal-layout has-vertical-center\"><div class=\"wp-block-themeisle-blocks-advanced-columns-overlay\"><\/div><div class=\"innerblocks-wrap\">\n<div id=\"wp-block-themeisle-blocks-advanced-column-26b6b8d5\" class=\"wp-block-themeisle-blocks-advanced-column\">\n<div id=\"wp-block-themeisle-blocks-advanced-columns-00e7d6f6\" class=\"wp-block-themeisle-blocks-advanced-columns alignfull has-1-columns has-desktop-equal-layout has-tablet-equal-layout has-mobile-equal-layout has-vertical-unset\"><div class=\"wp-block-themeisle-blocks-advanced-columns-overlay\"><\/div><div class=\"innerblocks-wrap\">\n<div id=\"wp-block-themeisle-blocks-advanced-column-0c8d9518\" class=\"wp-block-themeisle-blocks-advanced-column\">\n<span id=\"wp-block-themeisle-blocks-advanced-heading-7d886383\" class=\"wp-block-themeisle-blocks-advanced-heading wp-block-themeisle-blocks-advanced-heading-7d886383\">Life Eco-Conception<\/span>\n\n\n\n<h3 id=\"wp-block-themeisle-blocks-advanced-heading-20fd271e\" class=\"wp-block-themeisle-blocks-advanced-heading wp-block-themeisle-blocks-advanced-heading-20fd271e\">Progr\u00e8s en mati\u00e8re de soutien  <br>le passage \u00e0 une \u00e9conomie circulaire<\/h3>\n\n\n\n<p>L&rsquo;investissement de PDL pour l&rsquo;environnement avec sa gamme Primabake<\/p>\n\n\n\n<figure class=\"wp-block-image alignwide size-large hide-mobile img-100\"><img loading=\"lazy\" decoding=\"async\" width=\"1440\" height=\"708\" src=\"https:\/\/pdl.fr\/wp-content\/uploads\/2024\/11\/data-sustentability-790e88.svg\" alt=\"\" class=\"wp-image-1073\"\/><\/figure>\n\n\n\n<div class=\"wp-block-buttons is-content-justification-center is-layout-flex wp-container-core-buttons-is-layout-e4b7dc7f wp-block-buttons-is-layout-flex\" style=\"padding-top:var(--wp--preset--spacing--50);padding-bottom:var(--wp--preset--spacing--50)\">\n<div class=\"wp-block-button is-style-primary\"><a class=\"wp-block-button__link wp-element-button\" href=\"https:\/\/www.primabake.com\/sustainability\" target=\"_blank\" rel=\"noreferrer noopener\">D\u00e9couvrir<\/a><\/div>\n<\/div>\n\n\n\n<figure class=\"wp-block-image alignfull size-large show-mobile ticss-be640e7a pad-0\"><img loading=\"lazy\" decoding=\"async\" width=\"320\" height=\"424\" src=\"https:\/\/pdl.fr\/wp-content\/uploads\/2024\/11\/data-sustentability-mobile-aea2a3.svg\" alt=\"\" class=\"wp-image-1074\"\/><\/figure>\n<\/div>\n<\/div><\/div>\n<\/div>\n<\/div><\/div>\n","protected":false},"excerpt":{"rendered":"","protected":false},"author":1,"featured_media":0,"parent":0,"menu_order":0,"comment_status":"closed","ping_status":"closed","template":"","meta":{"neve_meta_sidebar":"","neve_meta_container":"","neve_meta_enable_content_width":"","neve_meta_content_width":0,"neve_meta_title_alignment":"","neve_meta_author_avatar":"","neve_post_elements_order":"","neve_meta_disable_header":"off","neve_meta_disable_footer":"","neve_meta_disable_title":"on","neve_meta_reading_time":"","_themeisle_gutenberg_block_has_review":false,"footnotes":""},"categories":[],"tags":[],"class_list":["post-2183","page","type-page","status-publish","hentry"],"_links":{"self":[{"href":"https:\/\/pdl.fr\/fr\/wp-json\/wp\/v2\/pages\/2183","targetHints":{"allow":["GET"]}}],"collection":[{"href":"https:\/\/pdl.fr\/fr\/wp-json\/wp\/v2\/pages"}],"about":[{"href":"https:\/\/pdl.fr\/fr\/wp-json\/wp\/v2\/types\/page"}],"author":[{"embeddable":true,"href":"https:\/\/pdl.fr\/fr\/wp-json\/wp\/v2\/users\/1"}],"replies":[{"embeddable":true,"href":"https:\/\/pdl.fr\/fr\/wp-json\/wp\/v2\/comments?post=2183"}],"version-history":[{"count":26,"href":"https:\/\/pdl.fr\/fr\/wp-json\/wp\/v2\/pages\/2183\/revisions"}],"predecessor-version":[{"id":3786,"href":"https:\/\/pdl.fr\/fr\/wp-json\/wp\/v2\/pages\/2183\/revisions\/3786"}],"wp:attachment":[{"href":"https:\/\/pdl.fr\/fr\/wp-json\/wp\/v2\/media?parent=2183"}],"wp:term":[{"taxonomy":"category","embeddable":true,"href":"https:\/\/pdl.fr\/fr\/wp-json\/wp\/v2\/categories?post=2183"},{"taxonomy":"post_tag","embeddable":true,"href":"https:\/\/pdl.fr\/fr\/wp-json\/wp\/v2\/tags?post=2183"}],"curies":[{"name":"wp","href":"https:\/\/api.w.org\/{rel}","templated":true}]}}