{"id":2138,"date":"2024-11-28T14:53:45","date_gmt":"2024-11-28T14:53:45","guid":{"rendered":"https:\/\/pdlsite.dev\/qui-nous-sommes\/"},"modified":"2025-06-18T13:37:33","modified_gmt":"2025-06-18T13:37:33","slug":"qui-nous-sommes","status":"publish","type":"page","link":"https:\/\/pdl.fr\/fr\/qui-nous-sommes\/","title":{"rendered":"Qui sommes-nous ?"},"content":{"rendered":"\n<div id=\"wp-block-themeisle-blocks-advanced-columns-bd2576c3\" class=\"wp-block-themeisle-blocks-advanced-columns alignfull has-1-columns has-desktop-equal-layout has-tablet-equal-layout has-mobile-equal-layout has-vertical-center title-institucional\"><div class=\"wp-block-themeisle-blocks-advanced-columns-overlay\"><\/div><div class=\"innerblocks-wrap\">\n<div id=\"wp-block-themeisle-blocks-advanced-column-8d9a737e\" class=\"wp-block-themeisle-blocks-advanced-column\">\n<div id=\"wp-block-themeisle-blocks-advanced-columns-5cece33c\" class=\"wp-block-themeisle-blocks-advanced-columns alignfull has-1-columns has-desktop-equal-layout has-tablet-equal-layout has-mobile-equal-layout has-vertical-unset\"><div class=\"wp-block-themeisle-blocks-advanced-columns-overlay\"><\/div><div class=\"innerblocks-wrap\">\n<div id=\"wp-block-themeisle-blocks-advanced-column-90162098\" class=\"wp-block-themeisle-blocks-advanced-column\">\n<h1 id=\"wp-block-themeisle-blocks-advanced-heading-7d5f854e\" class=\"wp-block-themeisle-blocks-advanced-heading wp-block-themeisle-blocks-advanced-heading-7d5f854e\">QUI SOMMES-NOUS ?<\/h1>\n\n\n\n<h2 id=\"wp-block-themeisle-blocks-advanced-heading-f6249124\" class=\"wp-block-themeisle-blocks-advanced-heading wp-block-themeisle-blocks-advanced-heading-f6249124\">UN SIECLE<br>D&rsquo;EXPERTISE<\/h2>\n<\/div>\n<\/div><\/div>\n<\/div>\n<\/div><\/div>\n\n\n\n<div id=\"wp-block-themeisle-blocks-advanced-columns-26f76635\" class=\"wp-block-themeisle-blocks-advanced-columns alignfull has-1-columns has-desktop-equal-layout has-tablet-equal-layout has-mobile-equal-layout has-vertical-unset\"><div class=\"wp-block-themeisle-blocks-advanced-columns-overlay\"><\/div><div class=\"innerblocks-wrap\">\n<div id=\"wp-block-themeisle-blocks-advanced-column-dff737be\" class=\"wp-block-themeisle-blocks-advanced-column\">\n<section id=\"wp-block-themeisle-blocks-advanced-columns-0074ac21\" class=\"wp-block-themeisle-blocks-advanced-columns alignfull has-2-columns has-desktop-equal-layout has-tablet-equal-layout has-mobile-collapsedRows-layout has-reverse-columns-mobile has-vertical-center\"><div class=\"wp-block-themeisle-blocks-advanced-columns-overlay\"><\/div><div class=\"innerblocks-wrap\">\n<div id=\"wp-block-themeisle-blocks-advanced-column-e7c756c1\" class=\"wp-block-themeisle-blocks-advanced-column\">\n<figure class=\"wp-block-image size-full\"><img loading=\"lazy\" decoding=\"async\" width=\"1245\" height=\"1062\" src=\"https:\/\/pdl.fr\/wp-content\/uploads\/2024\/12\/knowhow1.webp\" alt=\"\" class=\"wp-image-1906\" srcset=\"https:\/\/pdl.fr\/wp-content\/uploads\/2024\/12\/knowhow1.webp 1245w, https:\/\/pdl.fr\/wp-content\/uploads\/2024\/12\/knowhow1-300x256.webp 300w, https:\/\/pdl.fr\/wp-content\/uploads\/2024\/12\/knowhow1-1024x873.webp 1024w, https:\/\/pdl.fr\/wp-content\/uploads\/2024\/12\/knowhow1-768x655.webp 768w\" sizes=\"auto, (max-width: 1245px) 100vw, 1245px\" \/><\/figure>\n<\/div>\n\n\n\n<div id=\"wp-block-themeisle-blocks-advanced-column-6ffe4773\" class=\"wp-block-themeisle-blocks-advanced-column\">\n<p>PDL, fabricant de papiers de sp\u00e9cialit\u00e9s depuis 1921, est aujourd&rsquo;hui reconnu comme la r\u00e9f\u00e9rence mondiale dans l&rsquo;industrie. Avec des machines \u00e0 papier modernes et de haute performance, des \u00e9quipes de vente et techniques d\u00e9di\u00e9es, et le d\u00e9veloppement de gammes de produits innovantes. PDL propose actuellement des produits de qualit\u00e9 sup\u00e9rieure, notamment la gamme Primabake. Gr\u00e2ce \u00e0 son savoir-faire centenaire et \u00e0 sa flexibilit\u00e9 en tant que fournisseur ind\u00e9pendant, PDL est le partenaire id\u00e9al pour le d\u00e9veloppement de produits haut de gamme.<\/p>\n<\/div>\n<\/div><\/section>\n\n\n\n<section id=\"wp-block-themeisle-blocks-advanced-columns-5bbc28bf\" class=\"wp-block-themeisle-blocks-advanced-columns alignfull has-2-columns has-desktop-equal-layout has-tablet-equal-layout has-mobile-collapsedRows-layout has-vertical-center\"><div class=\"wp-block-themeisle-blocks-advanced-columns-overlay\"><\/div><div class=\"innerblocks-wrap\">\n<div id=\"wp-block-themeisle-blocks-advanced-column-a02d9e4f\" class=\"wp-block-themeisle-blocks-advanced-column\">\n<span id=\"wp-block-themeisle-blocks-advanced-heading-72d27ed5\" class=\"wp-block-themeisle-blocks-advanced-heading wp-block-themeisle-blocks-advanced-heading-72d27ed5\">RECHERCHE ET DEVELOPPEMENT<\/span>\n\n\n\n<h3 id=\"wp-block-themeisle-blocks-advanced-heading-7afb397f\" class=\"wp-block-themeisle-blocks-advanced-heading wp-block-themeisle-blocks-advanced-heading-7afb397f\">Un leader technologique<\/h3>\n\n\n\n<p>En tant que leader technologique, PDL r\u00e9investit une partie importante de son chiffre d&rsquo;affaire dans la recherche et le d\u00e9veloppement. Atteindre nos objectifs pour continuer d&rsquo;am\u00e9liorer ses papiers de sp\u00e9cialit\u00e9s tout en maintenant une politique active de d\u00e9veloppement durable nous a conduits \u00e0 int\u00e9grer une dimension \u00e9cologique d\u00e8s la conception de nos produits. <\/p>\n<\/div>\n\n\n\n<div id=\"wp-block-themeisle-blocks-advanced-column-f8ad7424\" class=\"wp-block-themeisle-blocks-advanced-column\">\n<figure class=\"wp-block-image size-full\"><img loading=\"lazy\" decoding=\"async\" width=\"1245\" height=\"1062\" src=\"https:\/\/pdl.fr\/wp-content\/uploads\/2024\/12\/knowhow2.webp\" alt=\"\" class=\"wp-image-1907\" srcset=\"https:\/\/pdl.fr\/wp-content\/uploads\/2024\/12\/knowhow2.webp 1245w, https:\/\/pdl.fr\/wp-content\/uploads\/2024\/12\/knowhow2-300x256.webp 300w, https:\/\/pdl.fr\/wp-content\/uploads\/2024\/12\/knowhow2-1024x873.webp 1024w, https:\/\/pdl.fr\/wp-content\/uploads\/2024\/12\/knowhow2-768x655.webp 768w\" sizes=\"auto, (max-width: 1245px) 100vw, 1245px\" \/><\/figure>\n<\/div>\n<\/div><\/section>\n<\/div>\n<\/div><\/div>\n\n\n\n<div id=\"wp-block-themeisle-blocks-advanced-columns-a58a8272\" class=\"wp-block-themeisle-blocks-advanced-columns alignfull has-1-columns has-desktop-equal-layout has-tablet-equal-layout has-mobile-equal-layout has-vertical-unset w-100\"><div class=\"wp-block-themeisle-blocks-advanced-columns-overlay\"><\/div><div class=\"innerblocks-wrap\">\n<div id=\"wp-block-themeisle-blocks-advanced-column-42d973eb\" class=\"wp-block-themeisle-blocks-advanced-column\">\n<div class=\"custom-video-wrapper\" onclick=\"playVideo(this)\">\n    <img decoding=\"async\" src=\"https:\/\/pdl.fr\/wp-content\/uploads\/2024\/12\/portada-video-scaled.webp\" class=\"video-thumbnail\" alt=\"Portada del video\"\/>\n    <div class=\"play-button\"><\/div>\n<\/div>\n\n<script>\nfunction playVideo(wrapper) {\n    const videoURL = \"https:\/\/www.youtube.com\/embed\/NwE8IygGmR0?autoplay=1&rel=0&vq=hd1080\";\n    const iframe = document.createElement(\"iframe\");\n\n    iframe.src = videoURL;\n    iframe.allow = \"autoplay; encrypted-media\";\n    iframe.allowFullscreen = true;\n\n    wrapper.innerHTML = \"\";\n    iframe.style.display = \"block\";\n    wrapper.appendChild(iframe);\n}\n<\/script>\n<\/div>\n<\/div><\/div>\n\n\n\n<div id=\"wp-block-themeisle-blocks-advanced-columns-21f93801\" class=\"wp-block-themeisle-blocks-advanced-columns alignfull has-1-columns has-desktop-equal-layout has-tablet-equal-layout has-mobile-equal-layout has-vertical-unset\"><div class=\"wp-block-themeisle-blocks-advanced-columns-overlay\"><\/div><div class=\"innerblocks-wrap\">\n<div id=\"wp-block-themeisle-blocks-advanced-column-0af402cb\" class=\"wp-block-themeisle-blocks-advanced-column\">\n<section id=\"wp-block-themeisle-blocks-advanced-columns-9c44cad7\" class=\"wp-block-themeisle-blocks-advanced-columns alignfull has-2-columns has-desktop-equal-layout has-tablet-equal-layout has-mobile-collapsedRows-layout has-reverse-columns-mobile has-vertical-center\"><div class=\"wp-block-themeisle-blocks-advanced-columns-overlay\"><\/div><div class=\"innerblocks-wrap\">\n<div id=\"wp-block-themeisle-blocks-advanced-column-02a8389e\" class=\"wp-block-themeisle-blocks-advanced-column\">\n<figure class=\"wp-block-image size-full\"><img loading=\"lazy\" decoding=\"async\" width=\"1245\" height=\"1062\" src=\"https:\/\/pdl.fr\/wp-content\/uploads\/2024\/12\/knowhow3.webp\" alt=\"\" class=\"wp-image-1908\" srcset=\"https:\/\/pdl.fr\/wp-content\/uploads\/2024\/12\/knowhow3.webp 1245w, https:\/\/pdl.fr\/wp-content\/uploads\/2024\/12\/knowhow3-300x256.webp 300w, https:\/\/pdl.fr\/wp-content\/uploads\/2024\/12\/knowhow3-1024x873.webp 1024w, https:\/\/pdl.fr\/wp-content\/uploads\/2024\/12\/knowhow3-768x655.webp 768w\" sizes=\"auto, (max-width: 1245px) 100vw, 1245px\" \/><\/figure>\n<\/div>\n\n\n\n<div id=\"wp-block-themeisle-blocks-advanced-column-d4de7a35\" class=\"wp-block-themeisle-blocks-advanced-column\">\n<p>Seul ou en partenariat avec ses clients et fournisseurs, PDL utilise son expertise en R&amp;D pour: <\/p>\n\n\n\n<ul class=\"wp-block-list\">\n<li>D\u00e9velopper des applications sp\u00e9cifiques pour des march\u00e9s o\u00f9 l&rsquo;entreprise peut utiliser ses atouts pour soutenir l&rsquo;innovation. <\/li>\n\n\n\n<li>R\u00e9aliser des recherches exploratoires et fondamentales bas\u00e9es sur l&rsquo;\u00e9valuation d&rsquo;\u00e9quipements exp\u00e9rimentaux et de technologies de rupture. <\/li>\n\n\n\n<li>Assurer son ind\u00e9pendance et garantir sa comp\u00e9titivit\u00e9 gr\u00e2ce \u00e0 des partenariats privil\u00e9gi\u00e9s qui s\u00e9curisent les approvisionnements. <\/li>\n\n\n\n<li>Promettre une adaptabilit\u00e9 durable selon la situation<\/li>\n<\/ul>\n<\/div>\n<\/div><\/section>\n\n\n\n<section id=\"wp-block-themeisle-blocks-advanced-columns-08d9efd2\" class=\"wp-block-themeisle-blocks-advanced-columns alignfull has-2-columns has-desktop-equal-layout has-tablet-equal-layout has-mobile-collapsedRows-layout has-vertical-center\"><div class=\"wp-block-themeisle-blocks-advanced-columns-overlay\"><\/div><div class=\"innerblocks-wrap\">\n<div id=\"wp-block-themeisle-blocks-advanced-column-0dc94a14\" class=\"wp-block-themeisle-blocks-advanced-column\">\n<p>En tant que leader technologique, PDL r\u00e9investit une part significative de son chiffre d\u2019affaires dans la Recherche &amp; D\u00e9veloppement. Notre capacit\u00e9 d\u2019innovation repose sur :<\/p>\n\n\n\n<ul class=\"wp-block-list\">\n<li>Une expertise de fabrication hautement sp\u00e9cialis\u00e9e<\/li>\n\n\n\n<li>Un service R&amp;D dot\u00e9 des outils d\u2019analyse et de recherche les plus avanc\u00e9s<\/li>\n\n\n\n<li>Un panel de partenaires scientifiques et technologiques<\/li>\n\n\n\n<li>La participation active aux principales conf\u00e9rences de l\u2019industrie des p\u00e2tes et papiers<\/li>\n\n\n\n<li>Une volont\u00e9 d\u2019assurer une am\u00e9lioration continue de la qualit\u00e9, comme en t\u00e9moignent plus de 22 M\u20ac d\u2019investissements r\u00e9alis\u00e9s depuis 2021 et les 8 M\u20ac suppl\u00e9mentaires d\u00e9j\u00e0 pr\u00e9vus au cours des deux prochaines ann\u00e9es.<\/li>\n<\/ul>\n<\/div>\n\n\n\n<div id=\"wp-block-themeisle-blocks-advanced-column-78693b3c\" class=\"wp-block-themeisle-blocks-advanced-column\">\n<figure class=\"wp-block-image size-full\"><img loading=\"lazy\" decoding=\"async\" width=\"1245\" height=\"1062\" src=\"https:\/\/pdl.fr\/wp-content\/uploads\/2024\/12\/knowhow4.webp\" alt=\"\" class=\"wp-image-1909\" srcset=\"https:\/\/pdl.fr\/wp-content\/uploads\/2024\/12\/knowhow4.webp 1245w, https:\/\/pdl.fr\/wp-content\/uploads\/2024\/12\/knowhow4-300x256.webp 300w, https:\/\/pdl.fr\/wp-content\/uploads\/2024\/12\/knowhow4-1024x873.webp 1024w, https:\/\/pdl.fr\/wp-content\/uploads\/2024\/12\/knowhow4-768x655.webp 768w\" sizes=\"auto, (max-width: 1245px) 100vw, 1245px\" \/><\/figure>\n<\/div>\n<\/div><\/section>\n<\/div>\n<\/div><\/div>\n","protected":false},"excerpt":{"rendered":"","protected":false},"author":1,"featured_media":0,"parent":0,"menu_order":0,"comment_status":"closed","ping_status":"closed","template":"","meta":{"neve_meta_sidebar":"","neve_meta_container":"","neve_meta_enable_content_width":"","neve_meta_content_width":0,"neve_meta_title_alignment":"","neve_meta_author_avatar":"","neve_post_elements_order":"","neve_meta_disable_header":"","neve_meta_disable_footer":"","neve_meta_disable_title":"on","neve_meta_reading_time":"","_themeisle_gutenberg_block_has_review":false,"footnotes":""},"categories":[],"tags":[],"class_list":["post-2138","page","type-page","status-publish","hentry"],"_links":{"self":[{"href":"https:\/\/pdl.fr\/fr\/wp-json\/wp\/v2\/pages\/2138","targetHints":{"allow":["GET"]}}],"collection":[{"href":"https:\/\/pdl.fr\/fr\/wp-json\/wp\/v2\/pages"}],"about":[{"href":"https:\/\/pdl.fr\/fr\/wp-json\/wp\/v2\/types\/page"}],"author":[{"embeddable":true,"href":"https:\/\/pdl.fr\/fr\/wp-json\/wp\/v2\/users\/1"}],"replies":[{"embeddable":true,"href":"https:\/\/pdl.fr\/fr\/wp-json\/wp\/v2\/comments?post=2138"}],"version-history":[{"count":11,"href":"https:\/\/pdl.fr\/fr\/wp-json\/wp\/v2\/pages\/2138\/revisions"}],"predecessor-version":[{"id":3212,"href":"https:\/\/pdl.fr\/fr\/wp-json\/wp\/v2\/pages\/2138\/revisions\/3212"}],"wp:attachment":[{"href":"https:\/\/pdl.fr\/fr\/wp-json\/wp\/v2\/media?parent=2138"}],"wp:term":[{"taxonomy":"category","embeddable":true,"href":"https:\/\/pdl.fr\/fr\/wp-json\/wp\/v2\/categories?post=2138"},{"taxonomy":"post_tag","embeddable":true,"href":"https:\/\/pdl.fr\/fr\/wp-json\/wp\/v2\/tags?post=2138"}],"curies":[{"name":"wp","href":"https:\/\/api.w.org\/{rel}","templated":true}]}}