{"id":2133,"date":"2024-11-29T21:08:58","date_gmt":"2024-11-29T21:08:58","guid":{"rendered":"https:\/\/pdlsite.dev\/innovation-et-expertise\/"},"modified":"2025-01-21T02:37:13","modified_gmt":"2025-01-21T02:37:13","slug":"innovation-et-expertise","status":"publish","type":"page","link":"https:\/\/pdl.fr\/fr\/innovation-et-expertise\/","title":{"rendered":"Innovation et expertise"},"content":{"rendered":"\n<div id=\"wp-block-themeisle-blocks-advanced-columns-bd2576c3\" class=\"wp-block-themeisle-blocks-advanced-columns alignfull has-1-columns has-desktop-equal-layout has-tablet-equal-layout has-mobile-equal-layout has-vertical-center title-institucional\"><div class=\"wp-block-themeisle-blocks-advanced-columns-overlay\"><\/div><div class=\"innerblocks-wrap\">\n<div id=\"wp-block-themeisle-blocks-advanced-column-8d9a737e\" class=\"wp-block-themeisle-blocks-advanced-column\">\n<div id=\"wp-block-themeisle-blocks-advanced-columns-5cece33c\" class=\"wp-block-themeisle-blocks-advanced-columns alignfull has-1-columns has-desktop-equal-layout has-tablet-equal-layout has-mobile-equal-layout has-vertical-unset\"><div class=\"wp-block-themeisle-blocks-advanced-columns-overlay\"><\/div><div class=\"innerblocks-wrap\">\n<div id=\"wp-block-themeisle-blocks-advanced-column-90162098\" class=\"wp-block-themeisle-blocks-advanced-column\">\n<h1 id=\"wp-block-themeisle-blocks-advanced-heading-7d5f854e\" class=\"wp-block-themeisle-blocks-advanced-heading wp-block-themeisle-blocks-advanced-heading-7d5f854e\">Innovation &amp; Expertise<\/h1>\n\n\n\n<h3 id=\"wp-block-themeisle-blocks-advanced-heading-f6249124\" class=\"wp-block-themeisle-blocks-advanced-heading wp-block-themeisle-blocks-advanced-heading-f6249124\">Un partenaire mondial pour l&rsquo;innovation et le d\u00e9veloppement de produits\n<\/h3>\n<\/div>\n<\/div><\/div>\n<\/div>\n<\/div><\/div>\n\n<div id=\"wp-block-themeisle-blocks-advanced-columns-ad98131a\" class=\"wp-block-themeisle-blocks-advanced-columns alignfull has-1-columns has-desktop-equal-layout has-tablet-equal-layout has-mobile-equal-layout has-vertical-unset\"><div class=\"wp-block-themeisle-blocks-advanced-columns-overlay\"><\/div><div class=\"innerblocks-wrap\">\n<div id=\"wp-block-themeisle-blocks-advanced-column-cbe27b54\" class=\"wp-block-themeisle-blocks-advanced-column\"><\/div>\n<\/div><\/div>\n\n<div id=\"wp-block-themeisle-blocks-advanced-columns-21f93801\" class=\"wp-block-themeisle-blocks-advanced-columns alignfull has-1-columns has-desktop-equal-layout has-tablet-equal-layout has-mobile-equal-layout has-vertical-center\"><div class=\"wp-block-themeisle-blocks-advanced-columns-overlay\"><\/div><div class=\"innerblocks-wrap\">\n<div id=\"wp-block-themeisle-blocks-advanced-column-0af402cb\" class=\"wp-block-themeisle-blocks-advanced-column\">\n<section id=\"global-partner\" class=\"wp-block-themeisle-blocks-advanced-columns alignfull has-2-columns has-desktop-equal-layout has-tablet-equal-layout has-mobile-collapsedRows-layout has-vertical-center\"><div class=\"wp-block-themeisle-blocks-advanced-columns-overlay\"><\/div><div class=\"innerblocks-wrap\">\n<div id=\"wp-block-themeisle-blocks-advanced-column-5ac2101e\" class=\"wp-block-themeisle-blocks-advanced-column\">\n<p>PDL cr\u00e9e des papiers minces en optimisant l\u2019utilisation des ressources naturelles et en minimisant les \u00e9missions de gaz \u00e0 effet de serre. Nous proposons des solutions de haute qualit\u00e9, allant des papiers l\u00e9gers non couch\u00e9s et couch\u00e9s aux papiers ultra-minces, avec ou sans traitement pour impression jet d&rsquo;encre. Nos produits assurent une qualit\u00e9 d\u2019impression exceptionnelle, r\u00e9pondant parfaitement aux exigences de l\u2019industrie de l\u2019\u00e9dition. <\/p>\n<\/div>\n\n\n\n<div id=\"wp-block-themeisle-blocks-advanced-column-4ddd997a\" class=\"wp-block-themeisle-blocks-advanced-column\">\n<figure class=\"wp-block-image size-full\"><img loading=\"lazy\" decoding=\"async\" width=\"1245\" height=\"1062\" src=\"https:\/\/pdl.fr\/wp-content\/uploads\/2024\/12\/innovation1.webp\" alt=\"\" class=\"wp-image-1897\" srcset=\"https:\/\/pdl.fr\/wp-content\/uploads\/2024\/12\/innovation1.webp 1245w, https:\/\/pdl.fr\/wp-content\/uploads\/2024\/12\/innovation1-300x256.webp 300w, https:\/\/pdl.fr\/wp-content\/uploads\/2024\/12\/innovation1-1024x873.webp 1024w, https:\/\/pdl.fr\/wp-content\/uploads\/2024\/12\/innovation1-768x655.webp 768w\" sizes=\"auto, (max-width: 1245px) 100vw, 1245px\" \/><\/figure>\n<\/div>\n<\/div><\/section>\n\n\n\n<section id=\"wp-block-themeisle-blocks-advanced-columns-9c44cad7\" class=\"wp-block-themeisle-blocks-advanced-columns alignfull has-2-columns has-desktop-equal-layout has-tablet-equal-layout has-mobile-collapsedRows-layout has-reverse-columns-mobile has-vertical-center\"><div class=\"wp-block-themeisle-blocks-advanced-columns-overlay\"><\/div><div class=\"innerblocks-wrap\">\n<div id=\"wp-block-themeisle-blocks-advanced-column-02a8389e\" class=\"wp-block-themeisle-blocks-advanced-column\">\n<figure class=\"wp-block-image size-full\"><img loading=\"lazy\" decoding=\"async\" width=\"1637\" height=\"1256\" src=\"https:\/\/pdl.fr\/wp-content\/uploads\/2025\/01\/iStock-1426756130_Innovation_1-e1737426997854.webp\" alt=\"\" class=\"wp-image-2580\" srcset=\"https:\/\/pdl.fr\/wp-content\/uploads\/2025\/01\/iStock-1426756130_Innovation_1-e1737426997854.webp 1637w, https:\/\/pdl.fr\/wp-content\/uploads\/2025\/01\/iStock-1426756130_Innovation_1-e1737426997854-300x230.webp 300w, https:\/\/pdl.fr\/wp-content\/uploads\/2025\/01\/iStock-1426756130_Innovation_1-e1737426997854-1024x786.webp 1024w, https:\/\/pdl.fr\/wp-content\/uploads\/2025\/01\/iStock-1426756130_Innovation_1-e1737426997854-768x589.webp 768w, https:\/\/pdl.fr\/wp-content\/uploads\/2025\/01\/iStock-1426756130_Innovation_1-e1737426997854-1536x1179.webp 1536w\" sizes=\"auto, (max-width: 1637px) 100vw, 1637px\" \/><\/figure>\n<\/div>\n\n\n\n<div id=\"wp-block-themeisle-blocks-advanced-column-d4de7a35\" class=\"wp-block-themeisle-blocks-advanced-column\">\n<h3 id=\"wp-block-themeisle-blocks-advanced-heading-8241d226\" class=\"wp-block-themeisle-blocks-advanced-heading wp-block-themeisle-blocks-advanced-heading-8241d226\">Cr\u00e9ativit\u00e9 et technique de pointe\n<\/h3>\n\n\n\n<p>Dans l&rsquo;\u00e9conomie mondiale actuelle, o\u00f9 la performance environnementale et financi\u00e8re sont indissociables, une gestion optimale des ressources est essentielle. En produisant des papiers minces et l\u00e9gers, PDL va au-del\u00e0 du soutien \u00e0 la gestion durable des for\u00eats et aux initiatives de recyclage. Nous jouons un r\u00f4le actif dans la pr\u00e9servation des ressources naturelles et la r\u00e9duction des \u00e9missions de gaz \u00e0 effet de serre dans l\u2019atmosph\u00e8re et les eaux.<\/p>\n<\/div>\n<\/div><\/section>\n<\/div>\n<\/div><\/div>\n\n<div id=\"wp-block-themeisle-blocks-advanced-columns-535ff314\" class=\"wp-block-themeisle-blocks-advanced-columns alignfull has-1-columns has-desktop-equal-layout has-tablet-equal-layout has-mobile-equal-layout has-vertical-center has-dark-bg ticss-535ff314\"><div class=\"wp-block-themeisle-blocks-advanced-columns-overlay\"><\/div><div class=\"innerblocks-wrap\">\n<div id=\"wp-block-themeisle-blocks-advanced-column-4e74cf55\" class=\"wp-block-themeisle-blocks-advanced-column\">\n<div id=\"wp-block-themeisle-blocks-advanced-columns-535ff314\" class=\"wp-block-themeisle-blocks-advanced-columns has-1-columns has-desktop-equal-layout has-tablet-equal-layout has-mobile-equal-layout has-vertical-center ticss-535ff314 has-dark-bg\"><div class=\"wp-block-themeisle-blocks-advanced-columns-overlay\"><\/div><div class=\"innerblocks-wrap\">\n<div id=\"wp-block-themeisle-blocks-advanced-column-4e74cf55\" class=\"wp-block-themeisle-blocks-advanced-column\">\n<div id=\"wp-block-themeisle-blocks-advanced-columns-61f42b58\" class=\"wp-block-themeisle-blocks-advanced-columns alignfull has-1-columns has-desktop-equal-layout has-tablet-equal-layout has-mobile-equal-layout has-vertical-unset\"><div class=\"wp-block-themeisle-blocks-advanced-columns-overlay\"><\/div><div class=\"innerblocks-wrap\">\n<div id=\"wp-block-themeisle-blocks-advanced-column-5f592bc4\" class=\"wp-block-themeisle-blocks-advanced-column\">\n<h3 id=\"wp-block-themeisle-blocks-advanced-heading-44e1fe43\" class=\"wp-block-themeisle-blocks-advanced-heading wp-block-themeisle-blocks-advanced-heading-44e1fe43\">Technologique <span class=\"highlight\">leadership<\/span> *<\/h3>\n<\/div>\n<\/div><\/div>\n\n\n\n<div id=\"wp-block-themeisle-blocks-advanced-columns-5d02632e\" class=\"wp-block-themeisle-blocks-advanced-columns alignfull has-2-columns has-desktop-equal-layout has-tablet-equal-layout has-mobile-equal-layout has-vertical-top products-grid\"><div class=\"wp-block-themeisle-blocks-advanced-columns-overlay\"><\/div><div class=\"innerblocks-wrap\">\n<div id=\"wp-block-themeisle-blocks-advanced-column-c224a1b3\" class=\"wp-block-themeisle-blocks-advanced-column\">\n<div id=\"wp-block-themeisle-blocks-advanced-columns-be279f55\" class=\"wp-block-themeisle-blocks-advanced-columns has-1-columns has-desktop-equal-layout has-tablet-equal-layout has-mobile-equal-layout has-vertical-unset\"><div class=\"wp-block-themeisle-blocks-advanced-columns-overlay\"><\/div><div class=\"innerblocks-wrap\">\n<div id=\"wp-block-themeisle-blocks-advanced-column-c9f3c578\" class=\"wp-block-themeisle-blocks-advanced-column technological-leadership ticss-c9f3c578\">\n<h3 id=\"wp-block-themeisle-blocks-advanced-heading-79742a64\" class=\"wp-block-themeisle-blocks-advanced-heading wp-block-themeisle-blocks-advanced-heading-79742a64\">Machines \u00e0 papier<\/h3>\n\n\n\n<div class=\"wp-block-media-text\" style=\"grid-template-columns:15% auto\"><figure class=\"wp-block-media-text__media\"><img loading=\"lazy\" decoding=\"async\" width=\"50\" height=\"50\" src=\"https:\/\/pdl.fr\/wp-content\/uploads\/2024\/11\/mas-d58ed2.svg\" alt=\"\" class=\"wp-image-978 size-full\"\/><\/figure><div class=\"wp-block-media-text__content\">\n<span id=\"wp-block-themeisle-blocks-advanced-heading-88609f5b\" class=\"wp-block-themeisle-blocks-advanced-heading wp-block-themeisle-blocks-advanced-heading-88609f5b\">04<\/span>\n<\/div><\/div>\n<\/div>\n<\/div><\/div>\n<\/div>\n\n\n\n<div id=\"wp-block-themeisle-blocks-advanced-column-2f85e5f3\" class=\"wp-block-themeisle-blocks-advanced-column\">\n<div id=\"wp-block-themeisle-blocks-advanced-columns-059872f1\" class=\"wp-block-themeisle-blocks-advanced-columns has-1-columns has-desktop-equal-layout has-tablet-equal-layout has-mobile-equal-layout has-vertical-unset\"><div class=\"wp-block-themeisle-blocks-advanced-columns-overlay\"><\/div><div class=\"innerblocks-wrap\">\n<div id=\"wp-block-themeisle-blocks-advanced-column-91408eab\" class=\"wp-block-themeisle-blocks-advanced-column technological-leadership ticss-c9f3c578\">\n<h3 id=\"wp-block-themeisle-blocks-advanced-heading-fd7ef61e\" class=\"wp-block-themeisle-blocks-advanced-heading wp-block-themeisle-blocks-advanced-heading-fd7ef61e\">Production<\/h3>\n\n\n\n<div class=\"wp-block-media-text\" style=\"grid-template-columns:15% auto\"><figure class=\"wp-block-media-text__media\"><img loading=\"lazy\" decoding=\"async\" width=\"50\" height=\"50\" src=\"https:\/\/pdl.fr\/wp-content\/uploads\/2024\/11\/mas-d58ed2.svg\" alt=\"\" class=\"wp-image-978 size-full\"\/><\/figure><div class=\"wp-block-media-text__content\">\n<span id=\"wp-block-themeisle-blocks-advanced-heading-740b6f7e\" class=\"wp-block-themeisle-blocks-advanced-heading wp-block-themeisle-blocks-advanced-heading-740b6f7e\">85 000 MT<\/span>\n<\/div><\/div>\n<\/div>\n<\/div><\/div>\n<\/div>\n<\/div><\/div>\n\n\n\n<div id=\"wp-block-themeisle-blocks-advanced-columns-1e26eabe\" class=\"wp-block-themeisle-blocks-advanced-columns alignfull has-2-columns has-desktop-equal-layout has-tablet-equal-layout has-mobile-equal-layout has-vertical-top products-grid\"><div class=\"wp-block-themeisle-blocks-advanced-columns-overlay\"><\/div><div class=\"innerblocks-wrap\">\n<div id=\"wp-block-themeisle-blocks-advanced-column-af1d2249\" class=\"wp-block-themeisle-blocks-advanced-column\">\n<div id=\"wp-block-themeisle-blocks-advanced-columns-ccdf0f7f\" class=\"wp-block-themeisle-blocks-advanced-columns has-1-columns has-desktop-equal-layout has-tablet-equal-layout has-mobile-equal-layout has-vertical-unset\"><div class=\"wp-block-themeisle-blocks-advanced-columns-overlay\"><\/div><div class=\"innerblocks-wrap\">\n<div id=\"wp-block-themeisle-blocks-advanced-column-581c7899\" class=\"wp-block-themeisle-blocks-advanced-column technological-leadership ticss-c9f3c578\">\n<h3 id=\"wp-block-themeisle-blocks-advanced-heading-57dbf94d\" class=\"wp-block-themeisle-blocks-advanced-heading wp-block-themeisle-blocks-advanced-heading-57dbf94d\">employ\u00e9s<\/h3>\n\n\n\n<div class=\"wp-block-media-text\" style=\"grid-template-columns:15% auto\"><figure class=\"wp-block-media-text__media\"><img loading=\"lazy\" decoding=\"async\" width=\"50\" height=\"50\" src=\"https:\/\/pdl.fr\/wp-content\/uploads\/2024\/11\/mas-d58ed2.svg\" alt=\"\" class=\"wp-image-978 size-full\"\/><\/figure><div class=\"wp-block-media-text__content\">\n<span id=\"wp-block-themeisle-blocks-advanced-heading-baaa2c0e\" class=\"wp-block-themeisle-blocks-advanced-heading wp-block-themeisle-blocks-advanced-heading-baaa2c0e\">360<\/span>\n<\/div><\/div>\n<\/div>\n<\/div><\/div>\n<\/div>\n\n\n\n<div id=\"wp-block-themeisle-blocks-advanced-column-a8b46cb1\" class=\"wp-block-themeisle-blocks-advanced-column\">\n<div id=\"wp-block-themeisle-blocks-advanced-columns-d45a1e5e\" class=\"wp-block-themeisle-blocks-advanced-columns has-1-columns has-desktop-equal-layout has-tablet-equal-layout has-mobile-equal-layout has-vertical-unset\"><div class=\"wp-block-themeisle-blocks-advanced-columns-overlay\"><\/div><div class=\"innerblocks-wrap\">\n<div id=\"wp-block-themeisle-blocks-advanced-column-31a0a4e3\" class=\"wp-block-themeisle-blocks-advanced-column technological-leadership ticss-c9f3c578\">\n<h3 id=\"wp-block-themeisle-blocks-advanced-heading-1e2cc6b9\" class=\"wp-block-themeisle-blocks-advanced-heading wp-block-themeisle-blocks-advanced-heading-1e2cc6b9\">clients<\/h3>\n\n\n\n<div class=\"wp-block-media-text\" style=\"grid-template-columns:15% auto\"><figure class=\"wp-block-media-text__media\"><img loading=\"lazy\" decoding=\"async\" width=\"50\" height=\"50\" src=\"https:\/\/pdl.fr\/wp-content\/uploads\/2024\/11\/mas-d58ed2.svg\" alt=\"\" class=\"wp-image-978 size-full\"\/><\/figure><div class=\"wp-block-media-text__content\">\n<span id=\"wp-block-themeisle-blocks-advanced-heading-c911727d\" class=\"wp-block-themeisle-blocks-advanced-heading wp-block-themeisle-blocks-advanced-heading-c911727d\">400<\/span>\n<\/div><\/div>\n<\/div>\n<\/div><\/div>\n<\/div>\n<\/div><\/div>\n\n\n\n<div id=\"wp-block-themeisle-blocks-advanced-columns-c49df9d2\" class=\"wp-block-themeisle-blocks-advanced-columns alignfull has-1-columns has-desktop-equal-layout has-tablet-equal-layout has-mobile-equal-layout has-vertical-top products-grid\"><div class=\"wp-block-themeisle-blocks-advanced-columns-overlay\"><\/div><div class=\"innerblocks-wrap\">\n<div id=\"wp-block-themeisle-blocks-advanced-column-3ba214a9\" class=\"wp-block-themeisle-blocks-advanced-column\">\n<div id=\"wp-block-themeisle-blocks-advanced-columns-6b8b5c34\" class=\"wp-block-themeisle-blocks-advanced-columns has-1-columns has-desktop-equal-layout has-tablet-equal-layout has-mobile-equal-layout has-vertical-unset\"><div class=\"wp-block-themeisle-blocks-advanced-columns-overlay\"><\/div><div class=\"innerblocks-wrap\">\n<div id=\"wp-block-themeisle-blocks-advanced-column-ebe0312b\" class=\"wp-block-themeisle-blocks-advanced-column technological-leadership ticss-c9f3c578\">\n<h3 id=\"wp-block-themeisle-blocks-advanced-heading-82b4d06a\" class=\"wp-block-themeisle-blocks-advanced-heading wp-block-themeisle-blocks-advanced-heading-82b4d06a\">Donn\u00e9es pour PVL, la soci\u00e9t\u00e9 holding de PDL et PDV<\/h3>\n<\/div>\n<\/div><\/div>\n<\/div>\n<\/div><\/div>\n<\/div>\n<\/div><\/div>\n\n<\/div>\n<\/div><\/div>\n","protected":false},"excerpt":{"rendered":"","protected":false},"author":1,"featured_media":0,"parent":0,"menu_order":0,"comment_status":"closed","ping_status":"closed","template":"","meta":{"neve_meta_sidebar":"","neve_meta_container":"","neve_meta_enable_content_width":"","neve_meta_content_width":0,"neve_meta_title_alignment":"","neve_meta_author_avatar":"","neve_post_elements_order":"","neve_meta_disable_header":"","neve_meta_disable_footer":"","neve_meta_disable_title":"on","neve_meta_reading_time":"","_themeisle_gutenberg_block_has_review":false,"footnotes":""},"categories":[],"tags":[],"class_list":["post-2133","page","type-page","status-publish","hentry"],"_links":{"self":[{"href":"https:\/\/pdl.fr\/fr\/wp-json\/wp\/v2\/pages\/2133","targetHints":{"allow":["GET"]}}],"collection":[{"href":"https:\/\/pdl.fr\/fr\/wp-json\/wp\/v2\/pages"}],"about":[{"href":"https:\/\/pdl.fr\/fr\/wp-json\/wp\/v2\/types\/page"}],"author":[{"embeddable":true,"href":"https:\/\/pdl.fr\/fr\/wp-json\/wp\/v2\/users\/1"}],"replies":[{"embeddable":true,"href":"https:\/\/pdl.fr\/fr\/wp-json\/wp\/v2\/comments?post=2133"}],"version-history":[{"count":5,"href":"https:\/\/pdl.fr\/fr\/wp-json\/wp\/v2\/pages\/2133\/revisions"}],"predecessor-version":[{"id":2598,"href":"https:\/\/pdl.fr\/fr\/wp-json\/wp\/v2\/pages\/2133\/revisions\/2598"}],"wp:attachment":[{"href":"https:\/\/pdl.fr\/fr\/wp-json\/wp\/v2\/media?parent=2133"}],"wp:term":[{"taxonomy":"category","embeddable":true,"href":"https:\/\/pdl.fr\/fr\/wp-json\/wp\/v2\/categories?post=2133"},{"taxonomy":"post_tag","embeddable":true,"href":"https:\/\/pdl.fr\/fr\/wp-json\/wp\/v2\/tags?post=2133"}],"curies":[{"name":"wp","href":"https:\/\/api.w.org\/{rel}","templated":true}]}}